{"id":160,"date":"2024-05-17T16:15:17","date_gmt":"2024-05-17T16:15:17","guid":{"rendered":"https:\/\/paralimpieciuasociacija.lt\/?page_id=160"},"modified":"2025-02-19T06:46:02","modified_gmt":"2025-02-19T06:46:02","slug":"paralimpieciai","status":"publish","type":"page","link":"https:\/\/paralimpieciuasociacija.lt\/?page_id=160","title":{"rendered":"Paralimpie\u010diai"},"content":{"rendered":"<style>\/*! elementor - v3.21.0 - 08-05-2024 *\/<br \/>\n.elementor-heading-title{padding:0;margin:0;line-height:1}.elementor-widget-heading .elementor-heading-title[class*=elementor-size-]>a{color:inherit;font-size:inherit;line-height:inherit}.elementor-widget-heading .elementor-heading-title.elementor-size-small{font-size:15px}.elementor-widget-heading .elementor-heading-title.elementor-size-medium{font-size:19px}.elementor-widget-heading .elementor-heading-title.elementor-size-large{font-size:29px}.elementor-widget-heading .elementor-heading-title.elementor-size-xl{font-size:39px}.elementor-widget-heading .elementor-heading-title.elementor-size-xxl{font-size:59px}<\/style>\n<h2>Paralimpie\u010di\u0173 pergal\u0117s \u2013 m\u016bs\u0173 didyb\u0117!<\/h2>\n<h2>Pasiekimai paralimpin\u0117se \u017eaidyn\u0117se<\/h2>\n<style>\/*! elementor - v3.21.0 - 08-05-2024 *\/<br \/>\n.elementor-widget-divider{--divider-border-style:none;--divider-border-width:1px;--divider-color:#0c0d0e;--divider-icon-size:20px;--divider-element-spacing:10px;--divider-pattern-height:24px;--divider-pattern-size:20px;--divider-pattern-url:none;--divider-pattern-repeat:repeat-x}.elementor-widget-divider .elementor-divider{display:flex}.elementor-widget-divider .elementor-divider__text{font-size:15px;line-height:1;max-width:95%}.elementor-widget-divider .elementor-divider__element{margin:0 var(--divider-element-spacing);flex-shrink:0}.elementor-widget-divider .elementor-icon{font-size:var(--divider-icon-size)}.elementor-widget-divider .elementor-divider-separator{display:flex;margin:0;direction:ltr}.elementor-widget-divider--view-line_icon .elementor-divider-separator,.elementor-widget-divider--view-line_text .elementor-divider-separator{align-items:center}.elementor-widget-divider--view-line_icon .elementor-divider-separator:after,.elementor-widget-divider--view-line_icon .elementor-divider-separator:before,.elementor-widget-divider--view-line_text .elementor-divider-separator:after,.elementor-widget-divider--view-line_text .elementor-divider-separator:before{display:block;content:\"\";border-block-end:0;flex-grow:1;border-block-start:var(--divider-border-width) var(--divider-border-style) var(--divider-color)}.elementor-widget-divider--element-align-left .elementor-divider .elementor-divider-separator>.elementor-divider__svg:first-of-type{flex-grow:0;flex-shrink:100}.elementor-widget-divider--element-align-left .elementor-divider-separator:before{content:none}.elementor-widget-divider--element-align-left .elementor-divider__element{margin-left:0}.elementor-widget-divider--element-align-right .elementor-divider .elementor-divider-separator>.elementor-divider__svg:last-of-type{flex-grow:0;flex-shrink:100}.elementor-widget-divider--element-align-right .elementor-divider-separator:after{content:none}.elementor-widget-divider--element-align-right .elementor-divider__element{margin-right:0}.elementor-widget-divider--element-align-start .elementor-divider .elementor-divider-separator>.elementor-divider__svg:first-of-type{flex-grow:0;flex-shrink:100}.elementor-widget-divider--element-align-start .elementor-divider-separator:before{content:none}.elementor-widget-divider--element-align-start .elementor-divider__element{margin-inline-start:0}.elementor-widget-divider--element-align-end .elementor-divider .elementor-divider-separator>.elementor-divider__svg:last-of-type{flex-grow:0;flex-shrink:100}.elementor-widget-divider--element-align-end .elementor-divider-separator:after{content:none}.elementor-widget-divider--element-align-end .elementor-divider__element{margin-inline-end:0}.elementor-widget-divider:not(.elementor-widget-divider--view-line_text):not(.elementor-widget-divider--view-line_icon) .elementor-divider-separator{border-block-start:var(--divider-border-width) var(--divider-border-style) var(--divider-color)}.elementor-widget-divider--separator-type-pattern{--divider-border-style:none}.elementor-widget-divider--separator-type-pattern.elementor-widget-divider--view-line .elementor-divider-separator,.elementor-widget-divider--separator-type-pattern:not(.elementor-widget-divider--view-line) .elementor-divider-separator:after,.elementor-widget-divider--separator-type-pattern:not(.elementor-widget-divider--view-line) .elementor-divider-separator:before,.elementor-widget-divider--separator-type-pattern:not([class*=elementor-widget-divider--view]) .elementor-divider-separator{width:100%;min-height:var(--divider-pattern-height);-webkit-mask-size:var(--divider-pattern-size) 100%;mask-size:var(--divider-pattern-size) 100%;-webkit-mask-repeat:var(--divider-pattern-repeat);mask-repeat:var(--divider-pattern-repeat);background-color:var(--divider-color);-webkit-mask-image:var(--divider-pattern-url);mask-image:var(--divider-pattern-url)}.elementor-widget-divider--no-spacing{--divider-pattern-size:auto}.elementor-widget-divider--bg-round{--divider-pattern-repeat:round}.rtl .elementor-widget-divider .elementor-divider__text{direction:rtl}.e-con-inner>.elementor-widget-divider,.e-con>.elementor-widget-divider{width:var(--container-widget-width,100%);--flex-grow:var(--container-widget-flex-grow)}<\/style>\n<style>\/*! elementor - v3.21.0 - 08-05-2024 *\/<br \/>\n.elementor-counter{display:flex;justify-content:center;align-items:stretch;flex-direction:column-reverse}.elementor-counter .elementor-counter-number{flex-grow:var(--counter-number-grow,0)}.elementor-counter .elementor-counter-number-wrapper{flex:1;display:flex;font-size:69px;font-weight:600;line-height:1;text-align:center}.elementor-counter .elementor-counter-number-prefix{text-align:end;flex-grow:var(--counter-prefix-grow,1);white-space:pre-wrap}.elementor-counter .elementor-counter-number-suffix{text-align:start;flex-grow:var(--counter-suffix-grow,1);white-space:pre-wrap}.elementor-counter .elementor-counter-title{flex:1;display:flex;justify-content:center;align-items:center;margin:0;padding:0;font-size:19px;font-weight:400;line-height:2.5}<\/style>\n<p>SIDABRO MEDALIAI\u200b<br \/>\n0<br \/>\nAUKSO MEDALIAI\u200b<br \/>\n0<br \/>\nBRONZOS MEDALIAI\u200b<br \/>\n0<\/p>\n<style>\/*! elementor - v3.21.0 - 08-05-2024 *\/<br \/>\n.elementor-widget-image{text-align:center}.elementor-widget-image a{display:inline-block}.elementor-widget-image a img[src$=\".svg\"]{width:48px}.elementor-widget-image img{vertical-align:middle;display:inline-block}<\/style>\n<p><img decoding=\"async\" title=\"16298157031323\" src=\"https:\/\/paralimpieciuasociacija.lt\/wp-content\/uploads\/2024\/05\/16298157031323.jpg\" alt=\"Actors perform during the opening ceremony for the 2020 Paralympics at the National Stadium in Tokyo, Tuesday, Aug. 24, 2021. (AP Photo\/Eugene Hoshiko)\" \/><\/p>\n<h2>2020 m. vasaros paralimpin\u0117s \u017eaidyn\u0117s<\/h2>\n<p>2020 m. vasaros paralimpin\u0117s \u017eaidyn\u0117s buvo planuotos vykti Tokijuje, Japonijoje. Ta\u010diau d\u0117l pandemijos ir su ja susijusi\u0173 i\u0161\u0161\u016bki\u0173, \u017eaidyn\u0117s buvo atid\u0117tos ir galiausiai surengtos 2021 m. rugpj\u016b\u010dio m\u0117nes\u012f. Tokijo paralimpin\u0117s \u017eaidyn\u0117s buvo did\u017eiulis \u012fvykis, kuriame dalyvavo t\u016bkstan\u010diai sportinink\u0173 i\u0161 viso pasaulio, siekiantiems garb\u0117s, olimpinio dvasios ir pergali\u0173. \u0160ios \u017eaidyn\u0117s buvo simbolis atkaklumo, stipryb\u0117s ir \u017emoni\u0173 geb\u0117jimo \u012fveikti sunkumus.<\/p>\n<p><a href=\"https:\/\/paralimpieciuasociacija.lt\/?page_id=277\"><br \/>\nSu\u017einok pla\u010diau<br \/>\n<\/a><br \/>\n<img decoding=\"async\" title=\"Ymm3dEfULm7dqbHy\" src=\"https:\/\/paralimpieciuasociacija.lt\/wp-content\/uploads\/2024\/05\/Ymm3dEfULm7dqbHy.jpeg\" alt=\"Ymm3dEfULm7dqbHy\" \/><\/p>\n<h2>2016 m. vasaros paralimpin\u0117s \u017eaidyn\u0117s<\/h2>\n<p>2016 met\u0173 vasaros paralimpin\u0117s \u017eaidyn\u0117s vyko Rio de \u017daneire, Brazilijoje, ir tai buvo keturioliktosios paralimpin\u0117s \u017eaidyn\u0117s. \u0160ios \u017eaidyn\u0117s vyko nuo rugs\u0117jo 7 d. iki rugs\u0117jo 18 d. Jose dalyvavo apie 4 328 sportininkai i\u0161 159 \u0161ali\u0173, kurie var\u017e\u0117si 22 sporto \u0161akose. Rio de \u017daneiro paralimpin\u0117s \u017eaidyn\u0117s buvo \u012fsp\u016bdingos d\u0117l savo entuziazmo, spalvingumo ir \u012fvairiapusio sportinio bei kult\u016brinio program\u0173 turinio. \u0160ios \u017eaidyn\u0117s taip pat prisid\u0117jo prie paralimpinio jud\u0117jimo populiarumo ir pripa\u017einimo didinimo pasaulyje.<\/p>\n<p><a href=\"https:\/\/paralimpieciuasociacija.lt\/?page_id=292\"><br \/>\nSu\u017einok pla\u010diau<br \/>\n<\/a><br \/>\n<img decoding=\"async\" title=\"120111103047101_Beijing_Paralympic_Games_Images\" src=\"https:\/\/paralimpieciuasociacija.lt\/wp-content\/uploads\/2024\/05\/120111103047101_Beijing_Paralympic_Games_Images.jpg\" alt=\"120111103047101_Beijing_Paralympic_Games_Images\" \/><\/p>\n<h2>2008 m. vasaros paralimpin\u0117s \u017eaidyn\u0117s<\/h2>\n<p>2008 met\u0173 vasaros paralimpin\u0117s \u017eaidyn\u0117s vyko Pekine, Kinijoje, ir tai buvo tryliktosios paralimpin\u0117s \u017eaidyn\u0117s. \u0160ios \u017eaidyn\u0117s vyko nuo rugs\u0117jo 6 d. iki rugs\u0117jo 17 d. Jose dalyvavo apie 3 951 sportininkas i\u0161 146 \u0161ali\u0173, kurie var\u017e\u0117si 20 sporto \u0161ak\u0173. Pekino paralimpin\u0117s \u017eaidyn\u0117s pasi\u017eym\u0117jo auk\u0161tu organizavimo lygiu, modernia infrastrukt\u016bra ir dideliu \u017ei\u016brov\u0173 susidom\u0117jimu, prisid\u0117jusiu prie paralimpinio jud\u0117jimo augimo ir globalios reik\u0161m\u0117s stiprinimo.<\/p>\n<p><a href=\"https:\/\/paralimpieciuasociacija.lt\/?page_id=302\"><br \/>\nSu\u017einok pla\u010diau<br \/>\n<\/a><br \/>\n<img decoding=\"async\" title=\"120109163950690_Athens_Credit+Getty+Images\" src=\"https:\/\/paralimpieciuasociacija.lt\/wp-content\/uploads\/2024\/05\/120109163950690_Athens_CreditGettyImages.jpg\" alt=\"120109163950690_Athens_Credit+Getty+Images\" \/><\/p>\n<h2>2004 m. vasaros paralimpin\u0117s \u017eaidyn\u0117s<\/h2>\n<p>2004 met\u0173 vasaros paralimpin\u0117s \u017eaidyn\u0117s vyko At\u0117nuose, Graikijoje, ir tai buvo dvyliktosios paralimpin\u0117s \u017eaidyn\u0117s. \u0160ios \u017eaidyn\u0117s vyko nuo rugs\u0117jo 17 d. iki rugs\u0117jo 28 d. Jose dalyvavo apie 3 806 sportininkai i\u0161 136 \u0161ali\u0173, kurie var\u017e\u0117si 19 sporto \u0161ak\u0173. At\u0117n\u0173 paralimpin\u0117s \u017eaidyn\u0117s i\u0161siskyr\u0117 tiek dalyvi\u0173, tiek \u0161ali\u0173 rekordiniu skai\u010diumi, taip pat puikiu organizavimu ir dideliu \u017einiasklaidos d\u0117mesiu.<\/p>\n<p><a href=\"https:\/\/paralimpieciuasociacija.lt\/?page_id=336\"><br \/>\nSu\u017einok pla\u010diau<br \/>\n<\/a><br \/>\n<img decoding=\"async\" title=\"12081917052+-+Lieven\" src=\"https:\/\/paralimpieciuasociacija.lt\/wp-content\/uploads\/2024\/05\/12081917052-Lieven.jpeg\" alt=\"12081917052+-+Lieven\" \/><\/p>\n<h2>2000 m. vasaros paralimpin\u0117s \u017eaidyn\u0117s<\/h2>\n<p>2000 met\u0173 vasaros paralimpin\u0117s \u017eaidyn\u0117s vyko Sidn\u0117juje, Australijoje, ir tai buvo vienuoliktosios paralimpin\u0117s \u017eaidyn\u0117s. \u0160ios \u017eaidyn\u0117s vyko nuo spalio 18 d. iki spalio 29 d. Jose dalyvavo apie 3 881 sportininkas i\u0161 122 \u0161ali\u0173, kurie var\u017e\u0117si 18 sporto \u0161ak\u0173. Sidn\u0117jaus paralimpin\u0117s \u017eaidyn\u0117s pasi\u017eym\u0117jo auk\u0161tu organizavimo lygiu ir dideliu \u017ei\u016brov\u0173 susidom\u0117jimu, kas dar labiau prisid\u0117jo prie paralimpinio jud\u0117jimo augimo ir tarptautinio pripa\u017einimo<\/p>\n<p><a href=\"https:\/\/paralimpieciuasociacija.lt\/?page_id=382\"><br \/>\nSu\u017einok pla\u010diau<br \/>\n<\/a><br \/>\n<img fetchpriority=\"high\" decoding=\"async\" src=\"https:\/\/paralimpieciuasociacija.lt\/wp-content\/uploads\/2024\/05\/Athletics_venue_during_the_1996_Paralympic_Games.jpg\" sizes=\"(max-width: 2362px) 100vw, 2362px\" srcset=\"https:\/\/paralimpieciuasociacija.lt\/wp-content\/uploads\/2024\/05\/Athletics_venue_during_the_1996_Paralympic_Games.jpg 2362w, https:\/\/paralimpieciuasociacija.lt\/wp-content\/uploads\/2024\/05\/Athletics_venue_during_the_1996_Paralympic_Games-300x189.jpg 300w, https:\/\/paralimpieciuasociacija.lt\/wp-content\/uploads\/2024\/05\/Athletics_venue_during_the_1996_Paralympic_Games-1024x645.jpg 1024w, https:\/\/paralimpieciuasociacija.lt\/wp-content\/uploads\/2024\/05\/Athletics_venue_during_the_1996_Paralympic_Games-768x483.jpg 768w, https:\/\/paralimpieciuasociacija.lt\/wp-content\/uploads\/2024\/05\/Athletics_venue_during_the_1996_Paralympic_Games-1536x967.jpg 1536w, https:\/\/paralimpieciuasociacija.lt\/wp-content\/uploads\/2024\/05\/Athletics_venue_during_the_1996_Paralympic_Games-2048x1289.jpg 2048w\" alt=\"\" width=\"2362\" height=\"1487\" \/><\/p>\n<h2>1996 m. vasaros paralimpin\u0117s \u017eaidyn\u0117s<\/h2>\n<p>1996 met\u0173 vasaros paralimpin\u0117s \u017eaidyn\u0117s vyko Atlantoje, D\u017eord\u017eijos valstijoje, JAV, ir tai buvo de\u0161imtosios paralimpin\u0117s \u017eaidyn\u0117s. \u0160ios \u017eaidyn\u0117s vyko nuo rugpj\u016b\u010dio 16 d. iki rugpj\u016b\u010dio 25 d. Jose dalyvavo apie 3 259 sportininkai i\u0161 104 \u0161ali\u0173, kurie var\u017e\u0117si 20 sporto \u0161ak\u0173. Tai buvo pirmosios paralimpin\u0117s \u017eaidyn\u0117s surengtos JAV, kurios prisid\u0117jo prie paralimpinio sporto matomumo ir populiarumo didinimo<\/p>\n<p><a href=\"https:\/\/paralimpieciuasociacija.lt\/?page_id=403\"><br \/>\nSu\u017einok pla\u010diau<br \/>\n<\/a><br \/>\n<img decoding=\"async\" title=\"140910102114066_Credit+Getty+Images_0\" src=\"https:\/\/paralimpieciuasociacija.lt\/wp-content\/uploads\/2024\/05\/140910102114066_CreditGettyImages_0.jpg\" alt=\"140910102114066_Credit+Getty+Images_0\" \/><\/p>\n<h2>1992 m. vasaros paralimpin\u0117s \u017eaidyn\u0117s<\/h2>\n<p>1992 met\u0173 vasaros paralimpin\u0117s \u017eaidyn\u0117s vyko Barselonoje, Katalonijoje, Ispanijoje, ir tai buvo devintosios paralimpin\u0117s \u017eaidyn\u0117s. \u0160ios \u017eaidyn\u0117s vyko nuo rugs\u0117jo 3 d. iki rugs\u0117jo 14 d. Jose dalyvavo apie 3 020 sportinink\u0173 i\u0161 82 \u0161ali\u0173, kurie var\u017e\u0117si 15 sporto \u0161ak\u0173<\/p>\n<p><a href=\"https:\/\/paralimpieciuasociacija.lt\/?page_id=422\"><br \/>\nSu\u017einok pla\u010diau<br \/>\n<\/a><\/p>\n","protected":false},"excerpt":{"rendered":"<p>Paralimpie\u010di\u0173 pergal\u0117s \u2013 m\u016bs\u0173 didyb\u0117! Pasiekimai paralimpin\u0117se \u017eaidyn\u0117se SIDABRO MEDALIAI\u200b 0 AUKSO MEDALIAI\u200b 0 BRONZOS MEDALIAI\u200b 0 2020 m. vasaros [&hellip;]<\/p>\n","protected":false},"author":1,"featured_media":0,"parent":0,"menu_order":0,"comment_status":"closed","ping_status":"closed","template":"elementor_header_footer","meta":{"_monsterinsights_skip_tracking":false,"_monsterinsights_sitenote_active":false,"_monsterinsights_sitenote_note":"","_monsterinsights_sitenote_category":0,"site-sidebar-layout":"no-sidebar","site-content-layout":"","ast-site-content-layout":"full-width-container","site-content-style":"default","site-sidebar-style":"default","ast-global-header-display":"","ast-banner-title-visibility":"","ast-main-header-display":"","ast-hfb-above-header-display":"","ast-hfb-below-header-display":"","ast-hfb-mobile-header-display":"","site-post-title":"disabled","ast-breadcrumbs-content":"","ast-featured-img":"disabled","footer-sml-layout":"","theme-transparent-header-meta":"","adv-header-id-meta":"","stick-header-meta":"","header-above-stick-meta":"","header-main-stick-meta":"","header-below-stick-meta":"","astra-migrate-meta-layouts":"default","ast-page-background-enabled":"default","ast-page-background-meta":{"desktop":{"background-color":"var(--ast-global-color-4)","background-image":"","background-repeat":"repeat","background-position":"center center","background-size":"auto","background-attachment":"scroll","background-type":"","background-media":"","overlay-type":"","overlay-color":"","overlay-gradient":""},"tablet":{"background-color":"","background-image":"","background-repeat":"repeat","background-position":"center center","background-size":"auto","background-attachment":"scroll","background-type":"","background-media":"","overlay-type":"","overlay-color":"","overlay-gradient":""},"mobile":{"background-color":"","background-image":"","background-repeat":"repeat","background-position":"center center","background-size":"auto","background-attachment":"scroll","background-type":"","background-media":"","overlay-type":"","overlay-color":"","overlay-gradient":""}},"ast-content-background-meta":{"desktop":{"background-color":"var(--ast-global-color-5)","background-image":"","background-repeat":"repeat","background-position":"center center","background-size":"auto","background-attachment":"scroll","background-type":"","background-media":"","overlay-type":"","overlay-color":"","overlay-gradient":""},"tablet":{"background-color":"var(--ast-global-color-5)","background-image":"","background-repeat":"repeat","background-position":"center center","background-size":"auto","background-attachment":"scroll","background-type":"","background-media":"","overlay-type":"","overlay-color":"","overlay-gradient":""},"mobile":{"background-color":"var(--ast-global-color-5)","background-image":"","background-repeat":"repeat","background-position":"center center","background-size":"auto","background-attachment":"scroll","background-type":"","background-media":"","overlay-type":"","overlay-color":"","overlay-gradient":""}},"footnotes":""},"aioseo_notices":[],"_links":{"self":[{"href":"https:\/\/paralimpieciuasociacija.lt\/index.php?rest_route=\/wp\/v2\/pages\/160"}],"collection":[{"href":"https:\/\/paralimpieciuasociacija.lt\/index.php?rest_route=\/wp\/v2\/pages"}],"about":[{"href":"https:\/\/paralimpieciuasociacija.lt\/index.php?rest_route=\/wp\/v2\/types\/page"}],"author":[{"embeddable":true,"href":"https:\/\/paralimpieciuasociacija.lt\/index.php?rest_route=\/wp\/v2\/users\/1"}],"replies":[{"embeddable":true,"href":"https:\/\/paralimpieciuasociacija.lt\/index.php?rest_route=%2Fwp%2Fv2%2Fcomments&post=160"}],"version-history":[{"count":285,"href":"https:\/\/paralimpieciuasociacija.lt\/index.php?rest_route=\/wp\/v2\/pages\/160\/revisions"}],"predecessor-version":[{"id":862,"href":"https:\/\/paralimpieciuasociacija.lt\/index.php?rest_route=\/wp\/v2\/pages\/160\/revisions\/862"}],"wp:attachment":[{"href":"https:\/\/paralimpieciuasociacija.lt\/index.php?rest_route=%2Fwp%2Fv2%2Fmedia&parent=160"}],"curies":[{"name":"wp","href":"https:\/\/api.w.org\/{rel}","templated":true}]}}