{"id":3,"date":"2024-04-16T19:32:14","date_gmt":"2024-04-16T19:32:14","guid":{"rendered":"http:\/\/paralimpieciuasociacija.lt\/?page_id=3"},"modified":"2024-05-19T08:42:23","modified_gmt":"2024-05-19T08:42:23","slug":"privatumo-politika","status":"publish","type":"page","link":"https:\/\/paralimpieciuasociacija.lt\/?page_id=3","title":{"rendered":"Privatumo politika"},"content":{"rendered":"\t\t<div data-elementor-type=\"wp-page\" data-elementor-id=\"3\" class=\"elementor elementor-3\" data-elementor-post-type=\"page\">\n\t\t\t\t<div class=\"elementor-element elementor-element-3edad9a0 e-flex e-con-boxed e-con e-parent\" data-id=\"3edad9a0\" data-element_type=\"container\">\n\t\t\t\t\t<div class=\"e-con-inner\">\n\t\t\t\t<div class=\"elementor-element elementor-element-3f5d389b elementor-widget elementor-widget-text-editor\" data-id=\"3f5d389b\" data-element_type=\"widget\" data-widget_type=\"text-editor.default\">\n\t\t\t\t<div class=\"elementor-widget-container\">\n\t\t\t<style>\/*! elementor - v3.21.0 - 08-05-2024 *\/\n.elementor-widget-text-editor.elementor-drop-cap-view-stacked .elementor-drop-cap{background-color:#69727d;color:#fff}.elementor-widget-text-editor.elementor-drop-cap-view-framed .elementor-drop-cap{color:#69727d;border:3px solid;background-color:transparent}.elementor-widget-text-editor:not(.elementor-drop-cap-view-default) .elementor-drop-cap{margin-top:8px}.elementor-widget-text-editor:not(.elementor-drop-cap-view-default) .elementor-drop-cap-letter{width:1em;height:1em}.elementor-widget-text-editor .elementor-drop-cap{float:left;text-align:center;line-height:1;font-size:50px}.elementor-widget-text-editor .elementor-drop-cap-letter{display:inline-block}<\/style>\t\t\t\t<p><!-- wp:heading --><\/p>\n<h3><strong>Kas yra Privatumo politika:<\/strong><\/h3>\n<p><span style=\"font-size: 16px;\">\u0160i Privatumo politika apra\u0161o Parolimpie\u010di\u0173 asociacijos, adresu Ba\u010di\u016bn\u0173 gatv\u0117 203e, \u0160iauliai 79220, Lietuva, el. pa\u0161tas: <\/span><a style=\"font-size: 16px;\" href=\"mailto:raimedab@yahoo.com\" target=\"_new\" rel=\"noreferrer\">raimedab@yahoo.com<\/a><span style=\"font-size: 16px;\">, telefonas: +37060601337, politik\u0105 d\u0117l j\u016bs\u0173 informacijos rinkimo, naudojimo ir atskleidimo, kai naudojat\u0117s m\u016bs\u0173 svetaine (<\/span><a style=\"font-size: 16px;\" href=\"https:\/\/paralimpieciuasociacija.lt\/\" target=\"_new\" rel=\"noreferrer\">https:\/\/paralimpieciuasociacija.lt<\/a><span style=\"font-size: 16px;\">) (toliau \u2013 \u201ekontaktai\u201c). U\u017epildydami kontaktin\u0119 form\u0105, j\u016bs sutinkate su j\u016bs\u0173 informacijos rinkimu, naudojimu ir atskleidimu pagal \u0161i\u0105 Privatumo politik\u0105. Jei nesutinkate su tuo, pra\u0161ome nesinaudoti kontaktin\u0119 form\u0105.<\/span><\/p>\n<p>Mes galime bet kada be i\u0161ankstinio \u012fsp\u0117jimo pakeisti \u0161i\u0105 Privatumo politik\u0105 ir paskelbti atnaujint\u0105 Privatumo politik\u0105, tod\u0117l rekomenduojame periodi\u0161kai per\u017ei\u016br\u0117ti \u0161\u012f puslap\u012f.<\/p>\n<h3><strong>Informacija, kuri\u0105 renkame:<\/strong><\/h3>\n<p>Mes rinksime ir apdorosime \u0161i\u0105 asmenin\u0119 informacij\u0105 apie jus:<\/p>\n<ul>\n<li>Vardas<\/li>\n<li>El. pa\u0161tas<\/li>\n<li>Mobilusis telefonas<\/li>\n<\/ul>\n<h3><strong>Kaip naudojame j\u016bs\u0173 informacij\u0105:<\/strong><\/h3>\n<p>Mes naudosime j\u016bs\u0173 informacij\u0105 \u0161iais tikslais:<\/p>\n<ul>\n<li>Pagalba<\/li>\n<\/ul>\n<p>Jei nor\u0117sime naudoti j\u016bs\u0173 informacij\u0105 kitu tikslu, papra\u0161ysime j\u016bs\u0173 sutikimo ir naudosime j\u016bs\u0173 informacij\u0105 tik gav\u0119 j\u016bs\u0173 sutikim\u0105 ir tik tuo tikslu, kuriam dav\u0117te sutikim\u0105, nebent \u012fstatymai reikalaut\u0173 kitaip.<\/p>\n<h3><strong>Kaip dalinam\u0117s j\u016bs\u0173 informacija:<\/strong><\/h3>\n<p>Mes neperduosime j\u016bs\u0173 asmenin\u0117s informacijos jokiai tre\u010diajai \u0161aliai be j\u016bs\u0173 sutikimo, i\u0161skyrus ribotas aplinkybes, apra\u0161ytas \u017eemiau:<\/p>\n<ul>\n<li>Analitika<\/li>\n<li>Duomen\u0173 rinkimas ir apdorojimas<\/li>\n<\/ul>\n<p>Reikalaujame, kad tokios tre\u010diosios \u0161alys naudot\u0173 perduot\u0105 asmenin\u0119 informacij\u0105 tik tuo tikslu, kuriam ji buvo perduota, ir nelaikyt\u0173 jos ilgiau, nei reikalinga tam tikslui \u012fvykdyti.<\/p>\n<p>Taip pat galime atskleisti j\u016bs\u0173 asmenin\u0119 informacij\u0105 \u0161iais atvejais: (1) siekiant laikytis taikom\u0173 \u012fstatym\u0173, taisykli\u0173, teismo nutarim\u0173 ar kit\u0173 teisini\u0173 proces\u0173; (2) siekiant vykdyti j\u016bs\u0173 susitarimus su mumis, \u012fskaitant \u0161i\u0105 Privatumo politik\u0105; arba (3) reaguojant \u012f pretenzijas, kad naudojimasis Paslauga pa\u017eeid\u017eia tre\u010di\u0173j\u0173 \u0161ali\u0173 teises. Jei Paslauga arba m\u016bs\u0173 \u012fmon\u0117 bus sujungta su kita \u012fmone arba \u012fsigyta, j\u016bs\u0173 informacija bus perduota naujajam savininkui.<\/p>\n<h3><strong>J\u016bs\u0173 informacijos saugojimas:<\/strong><\/h3>\n<p>Mes laikysime J\u016bs\u0173 asmeninius duomenis ne ilgiau, negu tai nustatyta duomen\u0173 tvarkymo tikslais arba numato teis\u0117s aktai, jeigu pastarieji numato ilgesn\u012f duomen\u0173 saugojimo laikotarp\u012f ,tiek, kiek reikia siekiant \u012fvykdyti \u0161ioje Privatumo politikoje nurodytus tikslus. Gali prireikti tam tikr\u0105 informacij\u0105 saugoti ilgesn\u012f laikotarp\u012f, laikantis taikom\u0173 \u012fstatym\u0173 reikalavim\u0173 ar d\u0117l kit\u0173 teis\u0117t\u0173 prie\u017eas\u010di\u0173, pavyzd\u017eiui, teisini\u0173 teisi\u0173 \u012fgyvendinimo, suk\u010diavimo prevencijos ir pan. Liekamoji anonimin\u0117 informacija ir agreguota informacija, kurios neidentifikuoja j\u016bs\u0173 (tiesiogiai ar netiesiogiai), gali b\u016bti saugoma neribot\u0105 laik\u0105.<\/p>\n<h3><strong>J\u016bs\u0173 teis\u0117s:<\/strong><\/h3>\n<p>Priklausomai nuo taikytino \u012fstatymo, galite tur\u0117ti teis\u0119 susipa\u017einti su savo asmens duomenimis, juos taisyti ar i\u0161trinti, gauti savo asmens duomen\u0173 kopij\u0105, apriboti ar prie\u0161tarauti savo duomen\u0173 aktyviam apdorojimui, pra\u0161yti perduoti savo asmenin\u0119 informacij\u0105 kitai \u012fmonei, at\u0161aukti bet kok\u012f sutikim\u0105, kur\u012f suteik\u0117te mums apdoroti j\u016bs\u0173 duomenis, teis\u0119 pateikti skund\u0105 prie\u017ei\u016bros institucijai ir kitas teis\u0117s akt\u0173 numatytas teises. Nor\u0117dami pasinaudoti \u0161iomis teis\u0117mis, galite ra\u0161yti mums adresu <a href=\"mailto:raimedab@yahoo.com\" target=\"_new\" rel=\"noreferrer\">raimedab@yahoo.com<\/a>. \u012e j\u016bs\u0173 u\u017eklaus\u0105 atsakysime laikydamiesi taikytin\u0173 \u012fstatym\u0173.<\/p>\n<p>Atkreipkite d\u0117mes\u012f, kad jei neleisite mums rinkti ar apdoroti reikiamos asmenin\u0117s informacijos arba at\u0161auksite sutikim\u0105 j\u0105 apdoroti reikiamais tikslais, galite negal\u0117ti naudotis paslaugomis, kurioms j\u016bs\u0173 informacija buvo reikalinga.<\/p>\n<h3><strong>Slapukai ir kitos sekimo technologijos:<\/strong><\/h3>\n<p>Nor\u0117dami su\u017einoti daugiau apie tai, kaip naudojame slapukus ir j\u016bs\u0173 pasirinkimus, susijusius su \u0161iomis sekimo technologijomis, pra\u0161ome kreiptis \u012f m\u016bs\u0173 Slapuk\u0173 politik\u0105.<\/p>\n<h3><strong>Saugumas:<\/strong><\/h3>\n<p>Mums svarbu j\u016bs\u0173 informacijos saugumas, tod\u0117l naudosime pagr\u012fstas saugumo priemones, kad u\u017ekirstume keli\u0105 j\u016bs\u0173 informacijos praradimui, netinkamam naudojimui ar neteis\u0117tam pakeitimui. Ta\u010diau, atsi\u017evelgiant \u012f esamus pavojus, negalime garantuoti absoliu\u010dios saugumo, tod\u0117l negalime u\u017etikrinti ar garantuoti informacijos, kuri\u0105 perduodate mums, saugumo ir tai darote savo rizika.<\/p>\n<h3><strong>Tre\u010di\u0173j\u0173 \u0161ali\u0173 nuorodos ir j\u016bs\u0173 informacijos naudojimas:<\/strong><\/h3>\n<p>M\u016bs\u0173 tinklapyje gali b\u016bti nuorod\u0173 \u012f kitas svetaines, kurios n\u0117ra m\u016bs\u0173 valdomos. \u0160i Privatumo politika neapima tre\u010di\u0173j\u0173 \u0161ali\u0173 privatumo politikos ir kit\u0173 praktik\u0173, \u012fskaitant bet kurio tre\u010diojo asmens svetain\u0119 ar paslaug\u0105, prie kurios galite prieiti per nuorod\u0105 Paslaugoje. Primygtinai rekomenduojame per\u017ei\u016br\u0117ti kiekvienos aplankytos svetain\u0117s privatumo politik\u0105. Mes nekontroliuojame ir neprisiimame atsakomyb\u0117s u\u017e tre\u010di\u0173j\u0173 \u0161ali\u0173 svetaini\u0173 ar paslaug\u0173 turin\u012f, privatumo politik\u0105 ar praktikas.<\/p>\n<h3><strong>Skund\u0173 \/ duomen\u0173 apsaugos pareig\u016bnas:<\/strong><\/h3>\n<p>Jei turite klausim\u0173 ar abejoni\u0173 d\u0117l j\u016bs\u0173 informacijos apdorojimo, galite ra\u0161yti el. pa\u0161tas: <a href=\"mailto:raimedab@yahoo.com\" target=\"_new\" rel=\"noreferrer\">raimedab@yahoo.com<\/a>. Mes i\u0161spr\u0119sime j\u016bs\u0173 klausimus laikydamiesi taikytin\u0173 \u012fstatym\u0173.<\/p>\n<h5><strong>Paskutin\u012f kart\u0105 atnaujinta: 2024-05-18<\/strong><\/h5>\n<h5><strong>\u012esigaliojimo data: 2024-05-18<\/strong><\/h5>\n<p><!-- \/wp:paragraph --><\/p>\t\t\t\t\t\t<\/div>\n\t\t\t\t<\/div>\n\t\t\t\t\t<\/div>\n\t\t\t\t<\/div>\n\t\t\t\t<\/div>\n\t\t","protected":false},"excerpt":{"rendered":"<p>Kas yra Privatumo politika: \u0160i Privatumo politika apra\u0161o Parolimpie\u010di\u0173 asociacijos, adresu Ba\u010di\u016bn\u0173 gatv\u0117 203e, \u0160iauliai 79220, Lietuva, el. pa\u0161tas: raimedab@yahoo.com, [&hellip;]<\/p>\n","protected":false},"author":1,"featured_media":0,"parent":0,"menu_order":0,"comment_status":"closed","ping_status":"open","template":"","meta":{"_monsterinsights_skip_tracking":false,"_monsterinsights_sitenote_active":false,"_monsterinsights_sitenote_note":"","_monsterinsights_sitenote_category":0,"site-sidebar-layout":"default","site-content-layout":"","ast-site-content-layout":"","site-content-style":"default","site-sidebar-style":"default","ast-global-header-display":"","ast-banner-title-visibility":"","ast-main-header-display":"","ast-hfb-above-header-display":"","ast-hfb-below-header-display":"","ast-hfb-mobile-header-display":"","site-post-title":"","ast-breadcrumbs-content":"","ast-featured-img":"","footer-sml-layout":"","theme-transparent-header-meta":"","adv-header-id-meta":"","stick-header-meta":"","header-above-stick-meta":"","header-main-stick-meta":"","header-below-stick-meta":"","astra-migrate-meta-layouts":"default","ast-page-background-enabled":"default","ast-page-background-meta":{"desktop":{"background-color":"var(--ast-global-color-4)","background-image":"","background-repeat":"repeat","background-position":"center center","background-size":"auto","background-attachment":"scroll","background-type":"","background-media":"","overlay-type":"","overlay-color":"","overlay-gradient":""},"tablet":{"background-color":"","background-image":"","background-repeat":"repeat","background-position":"center center","background-size":"auto","background-attachment":"scroll","background-type":"","background-media":"","overlay-type":"","overlay-color":"","overlay-gradient":""},"mobile":{"background-color":"","background-image":"","background-repeat":"repeat","background-position":"center center","background-size":"auto","background-attachment":"scroll","background-type":"","background-media":"","overlay-type":"","overlay-color":"","overlay-gradient":""}},"ast-content-background-meta":{"desktop":{"background-color":"var(--ast-global-color-5)","background-image":"","background-repeat":"repeat","background-position":"center center","background-size":"auto","background-attachment":"scroll","background-type":"","background-media":"","overlay-type":"","overlay-color":"","overlay-gradient":""},"tablet":{"background-color":"var(--ast-global-color-5)","background-image":"","background-repeat":"repeat","background-position":"center center","background-size":"auto","background-attachment":"scroll","background-type":"","background-media":"","overlay-type":"","overlay-color":"","overlay-gradient":""},"mobile":{"background-color":"var(--ast-global-color-5)","background-image":"","background-repeat":"repeat","background-position":"center center","background-size":"auto","background-attachment":"scroll","background-type":"","background-media":"","overlay-type":"","overlay-color":"","overlay-gradient":""}},"footnotes":""},"aioseo_notices":[],"_links":{"self":[{"href":"https:\/\/paralimpieciuasociacija.lt\/index.php?rest_route=\/wp\/v2\/pages\/3"}],"collection":[{"href":"https:\/\/paralimpieciuasociacija.lt\/index.php?rest_route=\/wp\/v2\/pages"}],"about":[{"href":"https:\/\/paralimpieciuasociacija.lt\/index.php?rest_route=\/wp\/v2\/types\/page"}],"author":[{"embeddable":true,"href":"https:\/\/paralimpieciuasociacija.lt\/index.php?rest_route=\/wp\/v2\/users\/1"}],"replies":[{"embeddable":true,"href":"https:\/\/paralimpieciuasociacija.lt\/index.php?rest_route=%2Fwp%2Fv2%2Fcomments&post=3"}],"version-history":[{"count":15,"href":"https:\/\/paralimpieciuasociacija.lt\/index.php?rest_route=\/wp\/v2\/pages\/3\/revisions"}],"predecessor-version":[{"id":804,"href":"https:\/\/paralimpieciuasociacija.lt\/index.php?rest_route=\/wp\/v2\/pages\/3\/revisions\/804"}],"wp:attachment":[{"href":"https:\/\/paralimpieciuasociacija.lt\/index.php?rest_route=%2Fwp%2Fv2%2Fmedia&parent=3"}],"curies":[{"name":"wp","href":"https:\/\/api.w.org\/{rel}","templated":true}]}}