{"id":336,"date":"2024-05-17T18:49:57","date_gmt":"2024-05-17T18:49:57","guid":{"rendered":"https:\/\/paralimpieciuasociacija.lt\/?page_id=336"},"modified":"2024-05-18T19:18:45","modified_gmt":"2024-05-18T19:18:45","slug":"2004-metu-vasaros-parolimpines-zaidynes","status":"publish","type":"page","link":"https:\/\/paralimpieciuasociacija.lt\/?page_id=336","title":{"rendered":"2004 met\u0173 vasaros paralimpin\u0117s \u017eaidyn\u0117s"},"content":{"rendered":"\t\t<div data-elementor-type=\"wp-page\" data-elementor-id=\"336\" class=\"elementor elementor-336\" data-elementor-post-type=\"page\">\n\t\t\t\t<div class=\"elementor-element elementor-element-22cb1e6 e-flex e-con-boxed e-con e-parent\" data-id=\"22cb1e6\" data-element_type=\"container\" data-settings=\"{&quot;background_background&quot;:&quot;classic&quot;}\">\n\t\t\t\t\t<div class=\"e-con-inner\">\n\t\t\t\t<div class=\"elementor-element elementor-element-69eea94 elementor-widget elementor-widget-image\" data-id=\"69eea94\" data-element_type=\"widget\" data-widget_type=\"image.default\">\n\t\t\t\t<div class=\"elementor-widget-container\">\n\t\t\t<style>\/*! elementor - v3.21.0 - 08-05-2024 *\/\n.elementor-widget-image{text-align:center}.elementor-widget-image a{display:inline-block}.elementor-widget-image a img[src$=\".svg\"]{width:48px}.elementor-widget-image img{vertical-align:middle;display:inline-block}<\/style>\t\t\t\t\t\t\t\t\t\t<img fetchpriority=\"high\" decoding=\"async\" width=\"395\" height=\"539\" src=\"https:\/\/paralimpieciuasociacija.lt\/wp-content\/uploads\/2024\/05\/p112207.jpg.webp\" class=\"attachment-full size-full wp-image-345\" alt=\"\" srcset=\"https:\/\/paralimpieciuasociacija.lt\/wp-content\/uploads\/2024\/05\/p112207.jpg.webp 395w, https:\/\/paralimpieciuasociacija.lt\/wp-content\/uploads\/2024\/05\/p112207.jpg-220x300.webp 220w\" sizes=\"(max-width: 395px) 100vw, 395px\" \/>\t\t\t\t\t\t\t\t\t\t\t\t\t<\/div>\n\t\t\t\t<\/div>\n\t\t<div class=\"elementor-element elementor-element-cf882c1 e-con-full e-flex e-con e-child\" data-id=\"cf882c1\" data-element_type=\"container\">\n\t\t\t\t<div class=\"elementor-element elementor-element-7fceca5 animated-slow elementor-invisible elementor-widget elementor-widget-heading\" data-id=\"7fceca5\" data-element_type=\"widget\" data-settings=\"{&quot;_animation&quot;:&quot;slideInUp&quot;}\" data-widget_type=\"heading.default\">\n\t\t\t\t<div class=\"elementor-widget-container\">\n\t\t\t<style>\/*! elementor - v3.21.0 - 08-05-2024 *\/\n.elementor-heading-title{padding:0;margin:0;line-height:1}.elementor-widget-heading .elementor-heading-title[class*=elementor-size-]>a{color:inherit;font-size:inherit;line-height:inherit}.elementor-widget-heading .elementor-heading-title.elementor-size-small{font-size:15px}.elementor-widget-heading .elementor-heading-title.elementor-size-medium{font-size:19px}.elementor-widget-heading .elementor-heading-title.elementor-size-large{font-size:29px}.elementor-widget-heading .elementor-heading-title.elementor-size-xl{font-size:39px}.elementor-widget-heading .elementor-heading-title.elementor-size-xxl{font-size:59px}<\/style><h2 class=\"elementor-heading-title elementor-size-default\">Bronza<\/h2>\t\t<\/div>\n\t\t\t\t<\/div>\n\t\t\t\t<div class=\"elementor-element elementor-element-be32c9b animated-slow elementor-invisible elementor-widget elementor-widget-heading\" data-id=\"be32c9b\" data-element_type=\"widget\" data-settings=\"{&quot;_animation&quot;:&quot;slideInUp&quot;}\" data-widget_type=\"heading.default\">\n\t\t\t\t<div class=\"elementor-widget-container\">\n\t\t\t<h2 class=\"elementor-heading-title elementor-size-default\">Jonas Sto\u0161kus<\/h2>\t\t<\/div>\n\t\t\t\t<\/div>\n\t\t\t\t<div class=\"elementor-element elementor-element-108d195 elementor-widget elementor-widget-text-editor\" data-id=\"108d195\" data-element_type=\"widget\" data-widget_type=\"text-editor.default\">\n\t\t\t\t<div class=\"elementor-widget-container\">\n\t\t\t<style>\/*! elementor - v3.21.0 - 08-05-2024 *\/\n.elementor-widget-text-editor.elementor-drop-cap-view-stacked .elementor-drop-cap{background-color:#69727d;color:#fff}.elementor-widget-text-editor.elementor-drop-cap-view-framed .elementor-drop-cap{color:#69727d;border:3px solid;background-color:transparent}.elementor-widget-text-editor:not(.elementor-drop-cap-view-default) .elementor-drop-cap{margin-top:8px}.elementor-widget-text-editor:not(.elementor-drop-cap-view-default) .elementor-drop-cap-letter{width:1em;height:1em}.elementor-widget-text-editor .elementor-drop-cap{float:left;text-align:center;line-height:1;font-size:50px}.elementor-widget-text-editor .elementor-drop-cap-letter{display:inline-block}<\/style>\t\t\t\t<p>Dziudo iki 90 kilogram\u0173<\/p>\t\t\t\t\t\t<\/div>\n\t\t\t\t<\/div>\n\t\t\t\t<\/div>\n\t\t\t\t\t<\/div>\n\t\t\t\t<\/div>\n\t\t<div class=\"elementor-element elementor-element-1ed1847 e-flex e-con-boxed e-con e-parent\" data-id=\"1ed1847\" data-element_type=\"container\" data-settings=\"{&quot;background_background&quot;:&quot;classic&quot;}\">\n\t\t\t\t\t<div class=\"e-con-inner\">\n\t\t\t\t<div class=\"elementor-element elementor-element-0bed06b elementor-widget elementor-widget-image\" data-id=\"0bed06b\" data-element_type=\"widget\" data-widget_type=\"image.default\">\n\t\t\t\t<div class=\"elementor-widget-container\">\n\t\t\t\t\t\t\t\t\t\t\t\t\t<img decoding=\"async\" width=\"1024\" height=\"768\" src=\"https:\/\/paralimpieciuasociacija.lt\/wp-content\/uploads\/2024\/05\/65200289_461145034718476_9066126184567275520_n.jpg\" class=\"attachment-full size-full wp-image-344\" alt=\"\" srcset=\"https:\/\/paralimpieciuasociacija.lt\/wp-content\/uploads\/2024\/05\/65200289_461145034718476_9066126184567275520_n.jpg 1024w, https:\/\/paralimpieciuasociacija.lt\/wp-content\/uploads\/2024\/05\/65200289_461145034718476_9066126184567275520_n-300x225.jpg 300w, https:\/\/paralimpieciuasociacija.lt\/wp-content\/uploads\/2024\/05\/65200289_461145034718476_9066126184567275520_n-768x576.jpg 768w\" sizes=\"(max-width: 1024px) 100vw, 1024px\" \/>\t\t\t\t\t\t\t\t\t\t\t\t\t<\/div>\n\t\t\t\t<\/div>\n\t\t<div class=\"elementor-element elementor-element-30dda3b e-con-full e-flex e-con e-child\" data-id=\"30dda3b\" data-element_type=\"container\">\n\t\t\t\t<div class=\"elementor-element elementor-element-663da2f animated-slow elementor-invisible elementor-widget elementor-widget-heading\" data-id=\"663da2f\" data-element_type=\"widget\" data-settings=\"{&quot;_animation&quot;:&quot;slideInUp&quot;}\" data-widget_type=\"heading.default\">\n\t\t\t\t<div class=\"elementor-widget-container\">\n\t\t\t<h2 class=\"elementor-heading-title elementor-size-default\">Bronza<\/h2>\t\t<\/div>\n\t\t\t\t<\/div>\n\t\t\t\t<div class=\"elementor-element elementor-element-10f731c animated-slow elementor-invisible elementor-widget elementor-widget-heading\" data-id=\"10f731c\" data-element_type=\"widget\" data-settings=\"{&quot;_animation&quot;:&quot;slideInUp&quot;}\" data-widget_type=\"heading.default\">\n\t\t\t\t<div class=\"elementor-widget-container\">\n\t\t\t<h2 class=\"elementor-heading-title elementor-size-default\">Algirdas Tatulis <\/h2>\t\t<\/div>\n\t\t\t\t<\/div>\n\t\t\t\t<div class=\"elementor-element elementor-element-5493a2a elementor-widget elementor-widget-text-editor\" data-id=\"5493a2a\" data-element_type=\"widget\" data-widget_type=\"text-editor.default\">\n\t\t\t\t<div class=\"elementor-widget-container\">\n\t\t\t\t\t\t\t<p>Lengvoji atletika, disko metikas F42<\/p>\t\t\t\t\t\t<\/div>\n\t\t\t\t<\/div>\n\t\t\t\t<\/div>\n\t\t\t\t\t<\/div>\n\t\t\t\t<\/div>\n\t\t<div class=\"elementor-element elementor-element-c8e6873 e-flex e-con-boxed e-con e-parent\" data-id=\"c8e6873\" data-element_type=\"container\" data-settings=\"{&quot;background_background&quot;:&quot;classic&quot;}\">\n\t\t\t\t\t<div class=\"e-con-inner\">\n\t\t\t\t<div class=\"elementor-element elementor-element-f5374a1 elementor-widget elementor-widget-image\" data-id=\"f5374a1\" data-element_type=\"widget\" data-widget_type=\"image.default\">\n\t\t\t\t<div class=\"elementor-widget-container\">\n\t\t\t\t\t\t\t\t\t\t\t\t\t<img decoding=\"async\" width=\"1200\" height=\"630\" src=\"https:\/\/paralimpieciuasociacija.lt\/wp-content\/uploads\/2024\/05\/cd539feb4c5d33ebc84b8934d1b41189.jpg\" class=\"attachment-full size-full wp-image-343\" alt=\"\" srcset=\"https:\/\/paralimpieciuasociacija.lt\/wp-content\/uploads\/2024\/05\/cd539feb4c5d33ebc84b8934d1b41189.jpg 1200w, https:\/\/paralimpieciuasociacija.lt\/wp-content\/uploads\/2024\/05\/cd539feb4c5d33ebc84b8934d1b41189-300x158.jpg 300w, https:\/\/paralimpieciuasociacija.lt\/wp-content\/uploads\/2024\/05\/cd539feb4c5d33ebc84b8934d1b41189-1024x538.jpg 1024w, https:\/\/paralimpieciuasociacija.lt\/wp-content\/uploads\/2024\/05\/cd539feb4c5d33ebc84b8934d1b41189-768x403.jpg 768w\" sizes=\"(max-width: 1200px) 100vw, 1200px\" \/>\t\t\t\t\t\t\t\t\t\t\t\t\t<\/div>\n\t\t\t\t<\/div>\n\t\t<div class=\"elementor-element elementor-element-c4552fa e-con-full e-flex e-con e-child\" data-id=\"c4552fa\" data-element_type=\"container\">\n\t\t\t\t<div class=\"elementor-element elementor-element-b9d6f41 animated-slow elementor-invisible elementor-widget elementor-widget-heading\" data-id=\"b9d6f41\" data-element_type=\"widget\" data-settings=\"{&quot;_animation&quot;:&quot;slideInUp&quot;}\" data-widget_type=\"heading.default\">\n\t\t\t\t<div class=\"elementor-widget-container\">\n\t\t\t<h2 class=\"elementor-heading-title elementor-size-default\">Bronza<\/h2>\t\t<\/div>\n\t\t\t\t<\/div>\n\t\t\t\t<div class=\"elementor-element elementor-element-a6470f5 animated-slow elementor-invisible elementor-widget elementor-widget-heading\" data-id=\"a6470f5\" data-element_type=\"widget\" data-settings=\"{&quot;_animation&quot;:&quot;slideInUp&quot;}\" data-widget_type=\"heading.default\">\n\t\t\t\t<div class=\"elementor-widget-container\">\n\t\t\t<h2 class=\"elementor-heading-title elementor-size-default\">Rolandas Urbonas<\/h2>\t\t<\/div>\n\t\t\t\t<\/div>\n\t\t\t\t<div class=\"elementor-element elementor-element-f998c50 elementor-widget elementor-widget-text-editor\" data-id=\"f998c50\" data-element_type=\"widget\" data-widget_type=\"text-editor.default\">\n\t\t\t\t<div class=\"elementor-widget-container\">\n\t\t\t\t\t\t\t<p>Lengvoji atletika, disko metimas F13<\/p>\t\t\t\t\t\t<\/div>\n\t\t\t\t<\/div>\n\t\t\t\t<\/div>\n\t\t\t\t\t<\/div>\n\t\t\t\t<\/div>\n\t\t<div class=\"elementor-element elementor-element-f7fe744 e-flex e-con-boxed e-con e-parent\" data-id=\"f7fe744\" data-element_type=\"container\" data-settings=\"{&quot;background_background&quot;:&quot;classic&quot;}\">\n\t\t\t\t\t<div class=\"e-con-inner\">\n\t\t\t\t<div class=\"elementor-element elementor-element-03560ab elementor-widget elementor-widget-image\" data-id=\"03560ab\" data-element_type=\"widget\" data-widget_type=\"image.default\">\n\t\t\t\t<div class=\"elementor-widget-container\">\n\t\t\t\t\t\t\t\t\t\t\t\t\t<img loading=\"lazy\" decoding=\"async\" width=\"1024\" height=\"683\" src=\"https:\/\/paralimpieciuasociacija.lt\/wp-content\/uploads\/2024\/05\/11-1024x683-1.jpg\" class=\"attachment-full size-full wp-image-342\" alt=\"\" srcset=\"https:\/\/paralimpieciuasociacija.lt\/wp-content\/uploads\/2024\/05\/11-1024x683-1.jpg 1024w, https:\/\/paralimpieciuasociacija.lt\/wp-content\/uploads\/2024\/05\/11-1024x683-1-300x200.jpg 300w, https:\/\/paralimpieciuasociacija.lt\/wp-content\/uploads\/2024\/05\/11-1024x683-1-768x512.jpg 768w\" sizes=\"(max-width: 1024px) 100vw, 1024px\" \/>\t\t\t\t\t\t\t\t\t\t\t\t\t<\/div>\n\t\t\t\t<\/div>\n\t\t<div class=\"elementor-element elementor-element-a2eba0e e-con-full e-flex e-con e-child\" data-id=\"a2eba0e\" data-element_type=\"container\">\n\t\t\t\t<div class=\"elementor-element elementor-element-0bf776c animated-slow elementor-invisible elementor-widget elementor-widget-heading\" data-id=\"0bf776c\" data-element_type=\"widget\" data-settings=\"{&quot;_animation&quot;:&quot;slideInUp&quot;}\" data-widget_type=\"heading.default\">\n\t\t\t\t<div class=\"elementor-widget-container\">\n\t\t\t<h2 class=\"elementor-heading-title elementor-size-default\">Bronza<\/h2>\t\t<\/div>\n\t\t\t\t<\/div>\n\t\t\t\t<div class=\"elementor-element elementor-element-a1ab1b6 animated-slow elementor-invisible elementor-widget elementor-widget-heading\" data-id=\"a1ab1b6\" data-element_type=\"widget\" data-settings=\"{&quot;_animation&quot;:&quot;slideInUp&quot;}\" data-widget_type=\"heading.default\">\n\t\t\t\t<div class=\"elementor-widget-container\">\n\t\t\t<h2 class=\"elementor-heading-title elementor-size-default\">Linas Balsys<\/h2>\t\t<\/div>\n\t\t\t\t<\/div>\n\t\t\t\t<div class=\"elementor-element elementor-element-35b1fd0 elementor-widget elementor-widget-text-editor\" data-id=\"35b1fd0\" data-element_type=\"widget\" data-widget_type=\"text-editor.default\">\n\t\t\t\t<div class=\"elementor-widget-container\">\n\t\t\t\t\t\t\t<p>Lengvoji atletika, maratonas T13<\/p>\t\t\t\t\t\t<\/div>\n\t\t\t\t<\/div>\n\t\t\t\t<\/div>\n\t\t\t\t\t<\/div>\n\t\t\t\t<\/div>\n\t\t<div class=\"elementor-element elementor-element-2b29d1c e-flex e-con-boxed e-con e-parent\" data-id=\"2b29d1c\" data-element_type=\"container\" data-settings=\"{&quot;background_background&quot;:&quot;classic&quot;}\">\n\t\t\t\t\t<div class=\"e-con-inner\">\n\t\t\t\t<div class=\"elementor-element elementor-element-4a5e231 elementor-widget elementor-widget-image\" data-id=\"4a5e231\" data-element_type=\"widget\" data-widget_type=\"image.default\">\n\t\t\t\t<div class=\"elementor-widget-container\">\n\t\t\t\t\t\t\t\t\t\t\t\t\t<img loading=\"lazy\" decoding=\"async\" width=\"1080\" height=\"720\" src=\"https:\/\/paralimpieciuasociacija.lt\/wp-content\/uploads\/2024\/05\/075738196-a968437b-32df-4902-8b4f-755270004dfa.jpg\" class=\"attachment-full size-full wp-image-341\" alt=\"\" srcset=\"https:\/\/paralimpieciuasociacija.lt\/wp-content\/uploads\/2024\/05\/075738196-a968437b-32df-4902-8b4f-755270004dfa.jpg 1080w, https:\/\/paralimpieciuasociacija.lt\/wp-content\/uploads\/2024\/05\/075738196-a968437b-32df-4902-8b4f-755270004dfa-300x200.jpg 300w, https:\/\/paralimpieciuasociacija.lt\/wp-content\/uploads\/2024\/05\/075738196-a968437b-32df-4902-8b4f-755270004dfa-1024x683.jpg 1024w, https:\/\/paralimpieciuasociacija.lt\/wp-content\/uploads\/2024\/05\/075738196-a968437b-32df-4902-8b4f-755270004dfa-768x512.jpg 768w\" sizes=\"(max-width: 1080px) 100vw, 1080px\" \/>\t\t\t\t\t\t\t\t\t\t\t\t\t<\/div>\n\t\t\t\t<\/div>\n\t\t<div class=\"elementor-element elementor-element-5d3052d e-con-full e-flex e-con e-child\" data-id=\"5d3052d\" data-element_type=\"container\">\n\t\t\t\t<div class=\"elementor-element elementor-element-b80e7ec animated-slow elementor-invisible elementor-widget elementor-widget-heading\" data-id=\"b80e7ec\" data-element_type=\"widget\" data-settings=\"{&quot;_animation&quot;:&quot;slideInUp&quot;}\" data-widget_type=\"heading.default\">\n\t\t\t\t<div class=\"elementor-widget-container\">\n\t\t\t<h2 class=\"elementor-heading-title elementor-size-default\">Bronza<\/h2>\t\t<\/div>\n\t\t\t\t<\/div>\n\t\t\t\t<div class=\"elementor-element elementor-element-e6db0b2 animated-slow elementor-invisible elementor-widget elementor-widget-heading\" data-id=\"e6db0b2\" data-element_type=\"widget\" data-settings=\"{&quot;_animation&quot;:&quot;slideInUp&quot;}\" data-widget_type=\"heading.default\">\n\t\t\t\t<div class=\"elementor-widget-container\">\n\t\t\t<h2 class=\"elementor-heading-title elementor-size-default\">K\u0119stutis Bartk\u0117nas<\/h2>\t\t<\/div>\n\t\t\t\t<\/div>\n\t\t\t\t<div class=\"elementor-element elementor-element-986aed2 elementor-widget elementor-widget-text-editor\" data-id=\"986aed2\" data-element_type=\"widget\" data-widget_type=\"text-editor.default\">\n\t\t\t\t<div class=\"elementor-widget-container\">\n\t\t\t\t\t\t\t<p>Lengvoji atletika 10000 metr\u0173. T13<\/p>\t\t\t\t\t\t<\/div>\n\t\t\t\t<\/div>\n\t\t\t\t<\/div>\n\t\t\t\t\t<\/div>\n\t\t\t\t<\/div>\n\t\t<div class=\"elementor-element elementor-element-25f5486 e-flex e-con-boxed e-con e-parent\" data-id=\"25f5486\" data-element_type=\"container\" data-settings=\"{&quot;background_background&quot;:&quot;classic&quot;}\">\n\t\t\t\t\t<div class=\"e-con-inner\">\n\t\t\t\t<div class=\"elementor-element elementor-element-bc58458 elementor-widget elementor-widget-image\" data-id=\"bc58458\" data-element_type=\"widget\" data-widget_type=\"image.default\">\n\t\t\t\t<div class=\"elementor-widget-container\">\n\t\t\t\t\t\t\t\t\t\t\t\t\t<img loading=\"lazy\" decoding=\"async\" width=\"1024\" height=\"683\" src=\"https:\/\/paralimpieciuasociacija.lt\/wp-content\/uploads\/2024\/05\/Skucas_web-1024x683-1.jpg\" class=\"attachment-full size-full wp-image-339\" alt=\"\" srcset=\"https:\/\/paralimpieciuasociacija.lt\/wp-content\/uploads\/2024\/05\/Skucas_web-1024x683-1.jpg 1024w, https:\/\/paralimpieciuasociacija.lt\/wp-content\/uploads\/2024\/05\/Skucas_web-1024x683-1-300x200.jpg 300w, https:\/\/paralimpieciuasociacija.lt\/wp-content\/uploads\/2024\/05\/Skucas_web-1024x683-1-768x512.jpg 768w\" sizes=\"(max-width: 1024px) 100vw, 1024px\" \/>\t\t\t\t\t\t\t\t\t\t\t\t\t<\/div>\n\t\t\t\t<\/div>\n\t\t<div class=\"elementor-element elementor-element-1d3976f e-con-full e-flex e-con e-child\" data-id=\"1d3976f\" data-element_type=\"container\">\n\t\t\t\t<div class=\"elementor-element elementor-element-a12f84f animated-slow elementor-invisible elementor-widget elementor-widget-heading\" data-id=\"a12f84f\" data-element_type=\"widget\" data-settings=\"{&quot;_animation&quot;:&quot;slideInUp&quot;}\" data-widget_type=\"heading.default\">\n\t\t\t\t<div class=\"elementor-widget-container\">\n\t\t\t<h2 class=\"elementor-heading-title elementor-size-default\">Sidabras<\/h2>\t\t<\/div>\n\t\t\t\t<\/div>\n\t\t\t\t<div class=\"elementor-element elementor-element-0db5ac2 animated-slow elementor-invisible elementor-widget elementor-widget-heading\" data-id=\"0db5ac2\" data-element_type=\"widget\" data-settings=\"{&quot;_animation&quot;:&quot;slideInUp&quot;}\" data-widget_type=\"heading.default\">\n\t\t\t\t<div class=\"elementor-widget-container\">\n\t\t\t<h2 class=\"elementor-heading-title elementor-size-default\">K\u0119stutis sku\u010das<\/h2>\t\t<\/div>\n\t\t\t\t<\/div>\n\t\t\t\t<div class=\"elementor-element elementor-element-22df1cb elementor-widget elementor-widget-text-editor\" data-id=\"22df1cb\" data-element_type=\"widget\" data-widget_type=\"text-editor.default\">\n\t\t\t\t<div class=\"elementor-widget-container\">\n\t\t\t\t\t\t\t<p>Plaukimas 50 metr\u0173, nugara S4<\/p>\t\t\t\t\t\t<\/div>\n\t\t\t\t<\/div>\n\t\t\t\t<\/div>\n\t\t\t\t\t<\/div>\n\t\t\t\t<\/div>\n\t\t<div class=\"elementor-element elementor-element-1412c6d e-flex e-con-boxed e-con e-parent\" data-id=\"1412c6d\" data-element_type=\"container\" data-settings=\"{&quot;background_background&quot;:&quot;classic&quot;}\">\n\t\t\t\t\t<div class=\"e-con-inner\">\n\t\t\t\t<div class=\"elementor-element elementor-element-0665879 elementor-widget elementor-widget-image\" data-id=\"0665879\" data-element_type=\"widget\" data-widget_type=\"image.default\">\n\t\t\t\t<div class=\"elementor-widget-container\">\n\t\t\t\t\t\t\t\t\t\t\t\t\t<img loading=\"lazy\" decoding=\"async\" width=\"500\" height=\"666\" src=\"https:\/\/paralimpieciuasociacija.lt\/wp-content\/uploads\/2024\/05\/2004-09-28_A_Grigaliunienei_parolimpiniu_zaidyniu_auksas.jpg\" class=\"attachment-full size-full wp-image-338\" alt=\"\" srcset=\"https:\/\/paralimpieciuasociacija.lt\/wp-content\/uploads\/2024\/05\/2004-09-28_A_Grigaliunienei_parolimpiniu_zaidyniu_auksas.jpg 500w, https:\/\/paralimpieciuasociacija.lt\/wp-content\/uploads\/2024\/05\/2004-09-28_A_Grigaliunienei_parolimpiniu_zaidyniu_auksas-225x300.jpg 225w\" sizes=\"(max-width: 500px) 100vw, 500px\" \/>\t\t\t\t\t\t\t\t\t\t\t\t\t<\/div>\n\t\t\t\t<\/div>\n\t\t<div class=\"elementor-element elementor-element-e55ff4e e-con-full e-flex e-con e-child\" data-id=\"e55ff4e\" data-element_type=\"container\">\n\t\t\t\t<div class=\"elementor-element elementor-element-70ec3c5 animated-slow elementor-invisible elementor-widget elementor-widget-heading\" data-id=\"70ec3c5\" data-element_type=\"widget\" data-settings=\"{&quot;_animation&quot;:&quot;slideInUp&quot;}\" data-widget_type=\"heading.default\">\n\t\t\t\t<div class=\"elementor-widget-container\">\n\t\t\t<h2 class=\"elementor-heading-title elementor-size-default\">Auksas<\/h2>\t\t<\/div>\n\t\t\t\t<\/div>\n\t\t\t\t<div class=\"elementor-element elementor-element-35972f7 animated-slow elementor-invisible elementor-widget elementor-widget-heading\" data-id=\"35972f7\" data-element_type=\"widget\" data-settings=\"{&quot;_animation&quot;:&quot;slideInUp&quot;}\" data-widget_type=\"heading.default\">\n\t\t\t\t<div class=\"elementor-widget-container\">\n\t\t\t<h2 class=\"elementor-heading-title elementor-size-default\">Aldona Grigali\u016bnien\u0117<\/h2>\t\t<\/div>\n\t\t\t\t<\/div>\n\t\t\t\t<div class=\"elementor-element elementor-element-235e31f elementor-widget elementor-widget-text-editor\" data-id=\"235e31f\" data-element_type=\"widget\" data-widget_type=\"text-editor.default\">\n\t\t\t\t<div class=\"elementor-widget-container\">\n\t\t\t\t\t\t\t<p>Lengvoji atletika, rutulio st\u016bmimas, F37\/38<\/p>\t\t\t\t\t\t<\/div>\n\t\t\t\t<\/div>\n\t\t\t\t<\/div>\n\t\t\t\t\t<\/div>\n\t\t\t\t<\/div>\n\t\t\t\t<\/div>\n\t\t","protected":false},"excerpt":{"rendered":"<p>Bronza Jonas Sto\u0161kus Dziudo iki 90 kilogram\u0173 Bronza Algirdas Tatulis Lengvoji atletika, disko metikas F42 Bronza Rolandas Urbonas Lengvoji atletika, [&hellip;]<\/p>\n","protected":false},"author":1,"featured_media":0,"parent":0,"menu_order":0,"comment_status":"closed","ping_status":"closed","template":"elementor_header_footer","meta":{"_monsterinsights_skip_tracking":false,"_monsterinsights_sitenote_active":false,"_monsterinsights_sitenote_note":"","_monsterinsights_sitenote_category":0,"site-sidebar-layout":"no-sidebar","site-content-layout":"","ast-site-content-layout":"full-width-container","site-content-style":"default","site-sidebar-style":"default","ast-global-header-display":"","ast-banner-title-visibility":"","ast-main-header-display":"","ast-hfb-above-header-display":"","ast-hfb-below-header-display":"","ast-hfb-mobile-header-display":"","site-post-title":"disabled","ast-breadcrumbs-content":"","ast-featured-img":"disabled","footer-sml-layout":"","theme-transparent-header-meta":"","adv-header-id-meta":"","stick-header-meta":"","header-above-stick-meta":"","header-main-stick-meta":"","header-below-stick-meta":"","astra-migrate-meta-layouts":"default","ast-page-background-enabled":"default","ast-page-background-meta":{"desktop":{"background-color":"var(--ast-global-color-4)","background-image":"","background-repeat":"repeat","background-position":"center center","background-size":"auto","background-attachment":"scroll","background-type":"","background-media":"","overlay-type":"","overlay-color":"","overlay-gradient":""},"tablet":{"background-color":"","background-image":"","background-repeat":"repeat","background-position":"center center","background-size":"auto","background-attachment":"scroll","background-type":"","background-media":"","overlay-type":"","overlay-color":"","overlay-gradient":""},"mobile":{"background-color":"","background-image":"","background-repeat":"repeat","background-position":"center center","background-size":"auto","background-attachment":"scroll","background-type":"","background-media":"","overlay-type":"","overlay-color":"","overlay-gradient":""}},"ast-content-background-meta":{"desktop":{"background-color":"var(--ast-global-color-5)","background-image":"","background-repeat":"repeat","background-position":"center center","background-size":"auto","background-attachment":"scroll","background-type":"","background-media":"","overlay-type":"","overlay-color":"","overlay-gradient":""},"tablet":{"background-color":"var(--ast-global-color-5)","background-image":"","background-repeat":"repeat","background-position":"center center","background-size":"auto","background-attachment":"scroll","background-type":"","background-media":"","overlay-type":"","overlay-color":"","overlay-gradient":""},"mobile":{"background-color":"var(--ast-global-color-5)","background-image":"","background-repeat":"repeat","background-position":"center center","background-size":"auto","background-attachment":"scroll","background-type":"","background-media":"","overlay-type":"","overlay-color":"","overlay-gradient":""}},"footnotes":""},"aioseo_notices":[],"_links":{"self":[{"href":"https:\/\/paralimpieciuasociacija.lt\/index.php?rest_route=\/wp\/v2\/pages\/336"}],"collection":[{"href":"https:\/\/paralimpieciuasociacija.lt\/index.php?rest_route=\/wp\/v2\/pages"}],"about":[{"href":"https:\/\/paralimpieciuasociacija.lt\/index.php?rest_route=\/wp\/v2\/types\/page"}],"author":[{"embeddable":true,"href":"https:\/\/paralimpieciuasociacija.lt\/index.php?rest_route=\/wp\/v2\/users\/1"}],"replies":[{"embeddable":true,"href":"https:\/\/paralimpieciuasociacija.lt\/index.php?rest_route=%2Fwp%2Fv2%2Fcomments&post=336"}],"version-history":[{"count":38,"href":"https:\/\/paralimpieciuasociacija.lt\/index.php?rest_route=\/wp\/v2\/pages\/336\/revisions"}],"predecessor-version":[{"id":632,"href":"https:\/\/paralimpieciuasociacija.lt\/index.php?rest_route=\/wp\/v2\/pages\/336\/revisions\/632"}],"wp:attachment":[{"href":"https:\/\/paralimpieciuasociacija.lt\/index.php?rest_route=%2Fwp%2Fv2%2Fmedia&parent=336"}],"curies":[{"name":"wp","href":"https:\/\/api.w.org\/{rel}","templated":true}]}}