{"id":382,"date":"2024-05-17T19:02:51","date_gmt":"2024-05-17T19:02:51","guid":{"rendered":"https:\/\/paralimpieciuasociacija.lt\/?page_id=382"},"modified":"2024-05-18T19:20:28","modified_gmt":"2024-05-18T19:20:28","slug":"2000-metu-vasaros-paralimpines-zaidynes","status":"publish","type":"page","link":"https:\/\/paralimpieciuasociacija.lt\/?page_id=382","title":{"rendered":"2000 met\u0173 vasaros paralimpin\u0117s \u017eaidyn\u0117s"},"content":{"rendered":"\t\t<div data-elementor-type=\"wp-page\" data-elementor-id=\"382\" class=\"elementor elementor-382\" data-elementor-post-type=\"page\">\n\t\t\t\t<div class=\"elementor-element elementor-element-9bac05c e-flex e-con-boxed e-con e-parent\" data-id=\"9bac05c\" data-element_type=\"container\" data-settings=\"{&quot;background_background&quot;:&quot;classic&quot;}\">\n\t\t\t\t\t<div class=\"e-con-inner\">\n\t\t\t\t<div class=\"elementor-element elementor-element-0c2afaa elementor-widget elementor-widget-image\" data-id=\"0c2afaa\" data-element_type=\"widget\" data-widget_type=\"image.default\">\n\t\t\t\t<div class=\"elementor-widget-container\">\n\t\t\t<style>\/*! elementor - v3.21.0 - 08-05-2024 *\/\n.elementor-widget-image{text-align:center}.elementor-widget-image a{display:inline-block}.elementor-widget-image a img[src$=\".svg\"]{width:48px}.elementor-widget-image img{vertical-align:middle;display:inline-block}<\/style>\t\t\t\t\t\t\t\t\t\t<img fetchpriority=\"high\" decoding=\"async\" width=\"1080\" height=\"720\" src=\"https:\/\/paralimpieciuasociacija.lt\/wp-content\/uploads\/2024\/05\/075738196-a968437b-32df-4902-8b4f-755270004dfa.jpg\" class=\"attachment-full size-full wp-image-341\" alt=\"\" srcset=\"https:\/\/paralimpieciuasociacija.lt\/wp-content\/uploads\/2024\/05\/075738196-a968437b-32df-4902-8b4f-755270004dfa.jpg 1080w, https:\/\/paralimpieciuasociacija.lt\/wp-content\/uploads\/2024\/05\/075738196-a968437b-32df-4902-8b4f-755270004dfa-300x200.jpg 300w, https:\/\/paralimpieciuasociacija.lt\/wp-content\/uploads\/2024\/05\/075738196-a968437b-32df-4902-8b4f-755270004dfa-1024x683.jpg 1024w, https:\/\/paralimpieciuasociacija.lt\/wp-content\/uploads\/2024\/05\/075738196-a968437b-32df-4902-8b4f-755270004dfa-768x512.jpg 768w\" sizes=\"(max-width: 1080px) 100vw, 1080px\" \/>\t\t\t\t\t\t\t\t\t\t\t\t\t<\/div>\n\t\t\t\t<\/div>\n\t\t<div class=\"elementor-element elementor-element-086c15c e-con-full e-flex e-con e-child\" data-id=\"086c15c\" data-element_type=\"container\">\n\t\t\t\t<div class=\"elementor-element elementor-element-746efa0 animated-slow elementor-invisible elementor-widget elementor-widget-heading\" data-id=\"746efa0\" data-element_type=\"widget\" data-settings=\"{&quot;_animation&quot;:&quot;slideInUp&quot;}\" data-widget_type=\"heading.default\">\n\t\t\t\t<div class=\"elementor-widget-container\">\n\t\t\t<style>\/*! elementor - v3.21.0 - 08-05-2024 *\/\n.elementor-heading-title{padding:0;margin:0;line-height:1}.elementor-widget-heading .elementor-heading-title[class*=elementor-size-]>a{color:inherit;font-size:inherit;line-height:inherit}.elementor-widget-heading .elementor-heading-title.elementor-size-small{font-size:15px}.elementor-widget-heading .elementor-heading-title.elementor-size-medium{font-size:19px}.elementor-widget-heading .elementor-heading-title.elementor-size-large{font-size:29px}.elementor-widget-heading .elementor-heading-title.elementor-size-xl{font-size:39px}.elementor-widget-heading .elementor-heading-title.elementor-size-xxl{font-size:59px}<\/style><h2 class=\"elementor-heading-title elementor-size-default\">Bronza<\/h2>\t\t<\/div>\n\t\t\t\t<\/div>\n\t\t\t\t<div class=\"elementor-element elementor-element-7d086db animated-slow elementor-invisible elementor-widget elementor-widget-heading\" data-id=\"7d086db\" data-element_type=\"widget\" data-settings=\"{&quot;_animation&quot;:&quot;slideInUp&quot;}\" data-widget_type=\"heading.default\">\n\t\t\t\t<div class=\"elementor-widget-container\">\n\t\t\t<h2 class=\"elementor-heading-title elementor-size-default\">K\u0119stutis Bartk\u0117nas<\/h2>\t\t<\/div>\n\t\t\t\t<\/div>\n\t\t\t\t<div class=\"elementor-element elementor-element-7654c60 elementor-widget elementor-widget-text-editor\" data-id=\"7654c60\" data-element_type=\"widget\" data-widget_type=\"text-editor.default\">\n\t\t\t\t<div class=\"elementor-widget-container\">\n\t\t\t<style>\/*! elementor - v3.21.0 - 08-05-2024 *\/\n.elementor-widget-text-editor.elementor-drop-cap-view-stacked .elementor-drop-cap{background-color:#69727d;color:#fff}.elementor-widget-text-editor.elementor-drop-cap-view-framed .elementor-drop-cap{color:#69727d;border:3px solid;background-color:transparent}.elementor-widget-text-editor:not(.elementor-drop-cap-view-default) .elementor-drop-cap{margin-top:8px}.elementor-widget-text-editor:not(.elementor-drop-cap-view-default) .elementor-drop-cap-letter{width:1em;height:1em}.elementor-widget-text-editor .elementor-drop-cap{float:left;text-align:center;line-height:1;font-size:50px}.elementor-widget-text-editor .elementor-drop-cap-letter{display:inline-block}<\/style>\t\t\t\t<p>Lengvoji atletika, 5000 metr\u0173, T13<\/p>\t\t\t\t\t\t<\/div>\n\t\t\t\t<\/div>\n\t\t\t\t<\/div>\n\t\t\t\t\t<\/div>\n\t\t\t\t<\/div>\n\t\t<div class=\"elementor-element elementor-element-1bc67c7 e-flex e-con-boxed e-con e-parent\" data-id=\"1bc67c7\" data-element_type=\"container\" data-settings=\"{&quot;background_background&quot;:&quot;classic&quot;}\">\n\t\t\t\t\t<div class=\"e-con-inner\">\n\t\t\t\t<div class=\"elementor-element elementor-element-3c99645 elementor-widget elementor-widget-image\" data-id=\"3c99645\" data-element_type=\"widget\" data-widget_type=\"image.default\">\n\t\t\t\t<div class=\"elementor-widget-container\">\n\t\t\t\t\t\t\t\t\t\t\t\t\t<img decoding=\"async\" width=\"1200\" height=\"800\" src=\"https:\/\/paralimpieciuasociacija.lt\/wp-content\/uploads\/2024\/05\/140507091946495_Lithuania05_0-1.jpg\" class=\"attachment-full size-full wp-image-281\" alt=\"\" srcset=\"https:\/\/paralimpieciuasociacija.lt\/wp-content\/uploads\/2024\/05\/140507091946495_Lithuania05_0-1.jpg 1200w, https:\/\/paralimpieciuasociacija.lt\/wp-content\/uploads\/2024\/05\/140507091946495_Lithuania05_0-1-300x200.jpg 300w, https:\/\/paralimpieciuasociacija.lt\/wp-content\/uploads\/2024\/05\/140507091946495_Lithuania05_0-1-1024x683.jpg 1024w, https:\/\/paralimpieciuasociacija.lt\/wp-content\/uploads\/2024\/05\/140507091946495_Lithuania05_0-1-768x512.jpg 768w\" sizes=\"(max-width: 1200px) 100vw, 1200px\" \/>\t\t\t\t\t\t\t\t\t\t\t\t\t<\/div>\n\t\t\t\t<\/div>\n\t\t<div class=\"elementor-element elementor-element-dd6980e e-con-full e-flex e-con e-child\" data-id=\"dd6980e\" data-element_type=\"container\">\n\t\t\t\t<div class=\"elementor-element elementor-element-0be51b3 animated-slow elementor-invisible elementor-widget elementor-widget-heading\" data-id=\"0be51b3\" data-element_type=\"widget\" data-settings=\"{&quot;_animation&quot;:&quot;slideInUp&quot;}\" data-widget_type=\"heading.default\">\n\t\t\t\t<div class=\"elementor-widget-container\">\n\t\t\t<h2 class=\"elementor-heading-title elementor-size-default\"><span class=\"elementor-heading-title elementor-size-default elementor-inline-editing pen\" data-elementor-setting-key=\"title\" data-pen-placeholder=\"Type Here...\" style=\"border: 0px; outline-color: currentcolor; outline-style: none; vertical-align: baseline; clear: both; color: rgb(192, 192, 192); letter-spacing: normal; word-spacing: 0px;\">Sidabras<\/span><\/h2>\t\t<\/div>\n\t\t\t\t<\/div>\n\t\t\t\t<div class=\"elementor-element elementor-element-c75e9f5 animated-slow elementor-invisible elementor-widget elementor-widget-heading\" data-id=\"c75e9f5\" data-element_type=\"widget\" data-settings=\"{&quot;_animation&quot;:&quot;slideInUp&quot;}\" data-widget_type=\"heading.default\">\n\t\t\t\t<div class=\"elementor-widget-container\">\n\t\t\t<h2 class=\"elementor-heading-title elementor-size-default\">Golbolo Rinktin\u0117<\/h2>\t\t<\/div>\n\t\t\t\t<\/div>\n\t\t\t\t<div class=\"elementor-element elementor-element-1dc7802 elementor-widget elementor-widget-text-editor\" data-id=\"1dc7802\" data-element_type=\"widget\" data-widget_type=\"text-editor.default\">\n\t\t\t\t<div class=\"elementor-widget-container\">\n\t\t\t\t\t\t\t<p>Vyr\u0173 komanda<\/p>\t\t\t\t\t\t<\/div>\n\t\t\t\t<\/div>\n\t\t\t\t<\/div>\n\t\t\t\t\t<\/div>\n\t\t\t\t<\/div>\n\t\t<div class=\"elementor-element elementor-element-74250d9 e-flex e-con-boxed e-con e-parent\" data-id=\"74250d9\" data-element_type=\"container\" data-settings=\"{&quot;background_background&quot;:&quot;classic&quot;}\">\n\t\t\t\t\t<div class=\"e-con-inner\">\n\t\t\t\t<div class=\"elementor-element elementor-element-6a610f1 elementor-widget elementor-widget-image\" data-id=\"6a610f1\" data-element_type=\"widget\" data-widget_type=\"image.default\">\n\t\t\t\t<div class=\"elementor-widget-container\">\n\t\t\t\t\t\t\t\t\t\t\t\t\t<img decoding=\"async\" width=\"1200\" height=\"600\" src=\"https:\/\/paralimpieciuasociacija.lt\/wp-content\/uploads\/2024\/05\/Flag_of_Lithuania_1988\u20132004.svg_.png\" class=\"attachment-full size-full wp-image-200\" alt=\"\" srcset=\"https:\/\/paralimpieciuasociacija.lt\/wp-content\/uploads\/2024\/05\/Flag_of_Lithuania_1988\u20132004.svg_.png 1200w, https:\/\/paralimpieciuasociacija.lt\/wp-content\/uploads\/2024\/05\/Flag_of_Lithuania_1988\u20132004.svg_-300x150.png 300w, https:\/\/paralimpieciuasociacija.lt\/wp-content\/uploads\/2024\/05\/Flag_of_Lithuania_1988\u20132004.svg_-1024x512.png 1024w, https:\/\/paralimpieciuasociacija.lt\/wp-content\/uploads\/2024\/05\/Flag_of_Lithuania_1988\u20132004.svg_-768x384.png 768w\" sizes=\"(max-width: 1200px) 100vw, 1200px\" \/>\t\t\t\t\t\t\t\t\t\t\t\t\t<\/div>\n\t\t\t\t<\/div>\n\t\t<div class=\"elementor-element elementor-element-1c67408 e-con-full e-flex e-con e-child\" data-id=\"1c67408\" data-element_type=\"container\">\n\t\t\t\t<div class=\"elementor-element elementor-element-993a887 animated-slow elementor-invisible elementor-widget elementor-widget-heading\" data-id=\"993a887\" data-element_type=\"widget\" data-settings=\"{&quot;_animation&quot;:&quot;slideInUp&quot;}\" data-widget_type=\"heading.default\">\n\t\t\t\t<div class=\"elementor-widget-container\">\n\t\t\t<h2 class=\"elementor-heading-title elementor-size-default\">Sidabras<\/h2>\t\t<\/div>\n\t\t\t\t<\/div>\n\t\t\t\t<div class=\"elementor-element elementor-element-b7e8fd6 animated-slow elementor-invisible elementor-widget elementor-widget-heading\" data-id=\"b7e8fd6\" data-element_type=\"widget\" data-settings=\"{&quot;_animation&quot;:&quot;slideInUp&quot;}\" data-widget_type=\"heading.default\">\n\t\t\t\t<div class=\"elementor-widget-container\">\n\t\t\t<h2 class=\"elementor-heading-title elementor-size-default\">Rolandas Urbonas <\/h2>\t\t<\/div>\n\t\t\t\t<\/div>\n\t\t\t\t<div class=\"elementor-element elementor-element-e5f26ad elementor-widget elementor-widget-text-editor\" data-id=\"e5f26ad\" data-element_type=\"widget\" data-widget_type=\"text-editor.default\">\n\t\t\t\t<div class=\"elementor-widget-container\">\n\t\t\t\t\t\t\t<p>Lengvoji atletika, disko metimas F12<\/p>\t\t\t\t\t\t<\/div>\n\t\t\t\t<\/div>\n\t\t\t\t<\/div>\n\t\t\t\t\t<\/div>\n\t\t\t\t<\/div>\n\t\t\t\t<\/div>\n\t\t","protected":false},"excerpt":{"rendered":"<p>Bronza K\u0119stutis Bartk\u0117nas Lengvoji atletika, 5000 metr\u0173, T13 Sidabras Golbolo Rinktin\u0117 Vyr\u0173 komanda Sidabras Rolandas Urbonas Lengvoji atletika, disko metimas [&hellip;]<\/p>\n","protected":false},"author":1,"featured_media":0,"parent":0,"menu_order":0,"comment_status":"closed","ping_status":"closed","template":"elementor_header_footer","meta":{"_monsterinsights_skip_tracking":false,"_monsterinsights_sitenote_active":false,"_monsterinsights_sitenote_note":"","_monsterinsights_sitenote_category":0,"site-sidebar-layout":"no-sidebar","site-content-layout":"","ast-site-content-layout":"full-width-container","site-content-style":"default","site-sidebar-style":"default","ast-global-header-display":"","ast-banner-title-visibility":"","ast-main-header-display":"","ast-hfb-above-header-display":"","ast-hfb-below-header-display":"","ast-hfb-mobile-header-display":"","site-post-title":"disabled","ast-breadcrumbs-content":"","ast-featured-img":"disabled","footer-sml-layout":"","theme-transparent-header-meta":"","adv-header-id-meta":"","stick-header-meta":"","header-above-stick-meta":"","header-main-stick-meta":"","header-below-stick-meta":"","astra-migrate-meta-layouts":"default","ast-page-background-enabled":"default","ast-page-background-meta":{"desktop":{"background-color":"var(--ast-global-color-4)","background-image":"","background-repeat":"repeat","background-position":"center center","background-size":"auto","background-attachment":"scroll","background-type":"","background-media":"","overlay-type":"","overlay-color":"","overlay-gradient":""},"tablet":{"background-color":"","background-image":"","background-repeat":"repeat","background-position":"center center","background-size":"auto","background-attachment":"scroll","background-type":"","background-media":"","overlay-type":"","overlay-color":"","overlay-gradient":""},"mobile":{"background-color":"","background-image":"","background-repeat":"repeat","background-position":"center center","background-size":"auto","background-attachment":"scroll","background-type":"","background-media":"","overlay-type":"","overlay-color":"","overlay-gradient":""}},"ast-content-background-meta":{"desktop":{"background-color":"var(--ast-global-color-5)","background-image":"","background-repeat":"repeat","background-position":"center center","background-size":"auto","background-attachment":"scroll","background-type":"","background-media":"","overlay-type":"","overlay-color":"","overlay-gradient":""},"tablet":{"background-color":"var(--ast-global-color-5)","background-image":"","background-repeat":"repeat","background-position":"center center","background-size":"auto","background-attachment":"scroll","background-type":"","background-media":"","overlay-type":"","overlay-color":"","overlay-gradient":""},"mobile":{"background-color":"var(--ast-global-color-5)","background-image":"","background-repeat":"repeat","background-position":"center center","background-size":"auto","background-attachment":"scroll","background-type":"","background-media":"","overlay-type":"","overlay-color":"","overlay-gradient":""}},"footnotes":""},"aioseo_notices":[],"_links":{"self":[{"href":"https:\/\/paralimpieciuasociacija.lt\/index.php?rest_route=\/wp\/v2\/pages\/382"}],"collection":[{"href":"https:\/\/paralimpieciuasociacija.lt\/index.php?rest_route=\/wp\/v2\/pages"}],"about":[{"href":"https:\/\/paralimpieciuasociacija.lt\/index.php?rest_route=\/wp\/v2\/types\/page"}],"author":[{"embeddable":true,"href":"https:\/\/paralimpieciuasociacija.lt\/index.php?rest_route=\/wp\/v2\/users\/1"}],"replies":[{"embeddable":true,"href":"https:\/\/paralimpieciuasociacija.lt\/index.php?rest_route=%2Fwp%2Fv2%2Fcomments&post=382"}],"version-history":[{"count":7,"href":"https:\/\/paralimpieciuasociacija.lt\/index.php?rest_route=\/wp\/v2\/pages\/382\/revisions"}],"predecessor-version":[{"id":635,"href":"https:\/\/paralimpieciuasociacija.lt\/index.php?rest_route=\/wp\/v2\/pages\/382\/revisions\/635"}],"wp:attachment":[{"href":"https:\/\/paralimpieciuasociacija.lt\/index.php?rest_route=%2Fwp%2Fv2%2Fmedia&parent=382"}],"curies":[{"name":"wp","href":"https:\/\/api.w.org\/{rel}","templated":true}]}}