{"id":422,"date":"2024-05-17T19:51:53","date_gmt":"2024-05-17T19:51:53","guid":{"rendered":"https:\/\/paralimpieciuasociacija.lt\/?page_id=422"},"modified":"2024-05-18T19:30:43","modified_gmt":"2024-05-18T19:30:43","slug":"1992-metu-vasaros-paralimpines-zaidynes","status":"publish","type":"page","link":"https:\/\/paralimpieciuasociacija.lt\/?page_id=422","title":{"rendered":"1992 met\u0173 vasaros paralimpin\u0117s \u017eaidyn\u0117s"},"content":{"rendered":"\t\t<div data-elementor-type=\"wp-page\" data-elementor-id=\"422\" class=\"elementor elementor-422\" data-elementor-post-type=\"page\">\n\t\t\t\t<div class=\"elementor-element elementor-element-dc61eb4 e-flex e-con-boxed e-con e-parent\" data-id=\"dc61eb4\" data-element_type=\"container\" data-settings=\"{&quot;background_background&quot;:&quot;classic&quot;}\">\n\t\t\t\t\t<div class=\"e-con-inner\">\n\t\t\t\t<div class=\"elementor-element elementor-element-9ba58a4 elementor-widget__width-initial elementor-widget elementor-widget-image\" data-id=\"9ba58a4\" data-element_type=\"widget\" data-widget_type=\"image.default\">\n\t\t\t\t<div class=\"elementor-widget-container\">\n\t\t\t<style>\/*! elementor - v3.21.0 - 08-05-2024 *\/\n.elementor-widget-image{text-align:center}.elementor-widget-image a{display:inline-block}.elementor-widget-image a img[src$=\".svg\"]{width:48px}.elementor-widget-image img{vertical-align:middle;display:inline-block}<\/style>\t\t\t\t\t\t\t\t\t\t<img fetchpriority=\"high\" decoding=\"async\" width=\"800\" height=\"1076\" src=\"https:\/\/paralimpieciuasociacija.lt\/wp-content\/uploads\/2024\/05\/se8sport._malda_b.__3_0.jpg\" class=\"attachment-full size-full wp-image-406\" alt=\"\" srcset=\"https:\/\/paralimpieciuasociacija.lt\/wp-content\/uploads\/2024\/05\/se8sport._malda_b.__3_0.jpg 800w, https:\/\/paralimpieciuasociacija.lt\/wp-content\/uploads\/2024\/05\/se8sport._malda_b.__3_0-223x300.jpg 223w, https:\/\/paralimpieciuasociacija.lt\/wp-content\/uploads\/2024\/05\/se8sport._malda_b.__3_0-761x1024.jpg 761w, https:\/\/paralimpieciuasociacija.lt\/wp-content\/uploads\/2024\/05\/se8sport._malda_b.__3_0-768x1033.jpg 768w\" sizes=\"(max-width: 800px) 100vw, 800px\" \/>\t\t\t\t\t\t\t\t\t\t\t\t\t<\/div>\n\t\t\t\t<\/div>\n\t\t<div class=\"elementor-element elementor-element-c92f629 e-con-full e-flex e-con e-child\" data-id=\"c92f629\" data-element_type=\"container\">\n\t\t\t\t<div class=\"elementor-element elementor-element-d18c397 animated-slow elementor-invisible elementor-widget elementor-widget-heading\" data-id=\"d18c397\" data-element_type=\"widget\" data-settings=\"{&quot;_animation&quot;:&quot;slideInUp&quot;}\" data-widget_type=\"heading.default\">\n\t\t\t\t<div class=\"elementor-widget-container\">\n\t\t\t<style>\/*! elementor - v3.21.0 - 08-05-2024 *\/\n.elementor-heading-title{padding:0;margin:0;line-height:1}.elementor-widget-heading .elementor-heading-title[class*=elementor-size-]>a{color:inherit;font-size:inherit;line-height:inherit}.elementor-widget-heading .elementor-heading-title.elementor-size-small{font-size:15px}.elementor-widget-heading .elementor-heading-title.elementor-size-medium{font-size:19px}.elementor-widget-heading .elementor-heading-title.elementor-size-large{font-size:29px}.elementor-widget-heading .elementor-heading-title.elementor-size-xl{font-size:39px}.elementor-widget-heading .elementor-heading-title.elementor-size-xxl{font-size:59px}<\/style><h2 class=\"elementor-heading-title elementor-size-default\">Bronza<\/h2>\t\t<\/div>\n\t\t\t\t<\/div>\n\t\t\t\t<div class=\"elementor-element elementor-element-c85a2b0 animated-slow elementor-invisible elementor-widget elementor-widget-heading\" data-id=\"c85a2b0\" data-element_type=\"widget\" data-settings=\"{&quot;_animation&quot;:&quot;slideInUp&quot;}\" data-widget_type=\"heading.default\">\n\t\t\t\t<div class=\"elementor-widget-container\">\n\t\t\t<h2 class=\"elementor-heading-title elementor-size-default\">Malda Baumgart\u0117<\/h2>\t\t<\/div>\n\t\t\t\t<\/div>\n\t\t\t\t<div class=\"elementor-element elementor-element-a639225 elementor-widget elementor-widget-text-editor\" data-id=\"a639225\" data-element_type=\"widget\" data-widget_type=\"text-editor.default\">\n\t\t\t\t<div class=\"elementor-widget-container\">\n\t\t\t<style>\/*! elementor - v3.21.0 - 08-05-2024 *\/\n.elementor-widget-text-editor.elementor-drop-cap-view-stacked .elementor-drop-cap{background-color:#69727d;color:#fff}.elementor-widget-text-editor.elementor-drop-cap-view-framed .elementor-drop-cap{color:#69727d;border:3px solid;background-color:transparent}.elementor-widget-text-editor:not(.elementor-drop-cap-view-default) .elementor-drop-cap{margin-top:8px}.elementor-widget-text-editor:not(.elementor-drop-cap-view-default) .elementor-drop-cap-letter{width:1em;height:1em}.elementor-widget-text-editor .elementor-drop-cap{float:left;text-align:center;line-height:1;font-size:50px}.elementor-widget-text-editor .elementor-drop-cap-letter{display:inline-block}<\/style>\t\t\t\t<p>Lengvoji atletika, penkiakov\u0117 PW3-4<\/p>\t\t\t\t\t\t<\/div>\n\t\t\t\t<\/div>\n\t\t\t\t<\/div>\n\t\t\t\t\t<\/div>\n\t\t\t\t<\/div>\n\t\t<div class=\"elementor-element elementor-element-ec61e43 e-flex e-con-boxed e-con e-parent\" data-id=\"ec61e43\" data-element_type=\"container\" data-settings=\"{&quot;background_background&quot;:&quot;classic&quot;}\">\n\t\t\t\t\t<div class=\"e-con-inner\">\n\t\t\t\t<div class=\"elementor-element elementor-element-c390f69 elementor-widget elementor-widget-image\" data-id=\"c390f69\" data-element_type=\"widget\" data-widget_type=\"image.default\">\n\t\t\t\t<div class=\"elementor-widget-container\">\n\t\t\t\t\t\t\t\t\t\t\t\t\t<img decoding=\"async\" width=\"1200\" height=\"600\" src=\"https:\/\/paralimpieciuasociacija.lt\/wp-content\/uploads\/2024\/05\/Flag_of_Lithuania_1988\u20132004.svg_.png\" class=\"attachment-full size-full wp-image-200\" alt=\"\" srcset=\"https:\/\/paralimpieciuasociacija.lt\/wp-content\/uploads\/2024\/05\/Flag_of_Lithuania_1988\u20132004.svg_.png 1200w, https:\/\/paralimpieciuasociacija.lt\/wp-content\/uploads\/2024\/05\/Flag_of_Lithuania_1988\u20132004.svg_-300x150.png 300w, https:\/\/paralimpieciuasociacija.lt\/wp-content\/uploads\/2024\/05\/Flag_of_Lithuania_1988\u20132004.svg_-1024x512.png 1024w, https:\/\/paralimpieciuasociacija.lt\/wp-content\/uploads\/2024\/05\/Flag_of_Lithuania_1988\u20132004.svg_-768x384.png 768w\" sizes=\"(max-width: 1200px) 100vw, 1200px\" \/>\t\t\t\t\t\t\t\t\t\t\t\t\t<\/div>\n\t\t\t\t<\/div>\n\t\t<div class=\"elementor-element elementor-element-f49e098 e-con-full e-flex e-con e-child\" data-id=\"f49e098\" data-element_type=\"container\">\n\t\t\t\t<div class=\"elementor-element elementor-element-1ad5110 animated-slow elementor-invisible elementor-widget elementor-widget-heading\" data-id=\"1ad5110\" data-element_type=\"widget\" data-settings=\"{&quot;_animation&quot;:&quot;slideInUp&quot;}\" data-widget_type=\"heading.default\">\n\t\t\t\t<div class=\"elementor-widget-container\">\n\t\t\t<h2 class=\"elementor-heading-title elementor-size-default\">Bronza<\/h2>\t\t<\/div>\n\t\t\t\t<\/div>\n\t\t\t\t<div class=\"elementor-element elementor-element-c0f39c5 animated-slow elementor-invisible elementor-widget elementor-widget-heading\" data-id=\"c0f39c5\" data-element_type=\"widget\" data-settings=\"{&quot;_animation&quot;:&quot;slideInUp&quot;}\" data-widget_type=\"heading.default\">\n\t\t\t\t<div class=\"elementor-widget-container\">\n\t\t\t<h2 class=\"elementor-heading-title elementor-size-default\">Danut\u0117 Smidek<\/h2>\t\t<\/div>\n\t\t\t\t<\/div>\n\t\t\t\t<div class=\"elementor-element elementor-element-1fdff9c elementor-widget elementor-widget-text-editor\" data-id=\"1fdff9c\" data-element_type=\"widget\" data-widget_type=\"text-editor.default\">\n\t\t\t\t<div class=\"elementor-widget-container\">\n\t\t\t\t\t\t\t<p>Lengvoji atletika, 800 met\u0173 B2<\/p>\t\t\t\t\t\t<\/div>\n\t\t\t\t<\/div>\n\t\t\t\t<\/div>\n\t\t\t\t\t<\/div>\n\t\t\t\t<\/div>\n\t\t<div class=\"elementor-element elementor-element-99c3b41 e-flex e-con-boxed e-con e-parent\" data-id=\"99c3b41\" data-element_type=\"container\" data-settings=\"{&quot;background_background&quot;:&quot;classic&quot;}\">\n\t\t\t\t\t<div class=\"e-con-inner\">\n\t\t\t\t<div class=\"elementor-element elementor-element-6bbd185 elementor-widget elementor-widget-image\" data-id=\"6bbd185\" data-element_type=\"widget\" data-widget_type=\"image.default\">\n\t\t\t\t<div class=\"elementor-widget-container\">\n\t\t\t\t\t\t\t\t\t\t\t\t\t<img decoding=\"async\" width=\"1200\" height=\"600\" src=\"https:\/\/paralimpieciuasociacija.lt\/wp-content\/uploads\/2024\/05\/Flag_of_Lithuania_1988\u20132004.svg_.png\" class=\"attachment-full size-full wp-image-200\" alt=\"\" srcset=\"https:\/\/paralimpieciuasociacija.lt\/wp-content\/uploads\/2024\/05\/Flag_of_Lithuania_1988\u20132004.svg_.png 1200w, https:\/\/paralimpieciuasociacija.lt\/wp-content\/uploads\/2024\/05\/Flag_of_Lithuania_1988\u20132004.svg_-300x150.png 300w, https:\/\/paralimpieciuasociacija.lt\/wp-content\/uploads\/2024\/05\/Flag_of_Lithuania_1988\u20132004.svg_-1024x512.png 1024w, https:\/\/paralimpieciuasociacija.lt\/wp-content\/uploads\/2024\/05\/Flag_of_Lithuania_1988\u20132004.svg_-768x384.png 768w\" sizes=\"(max-width: 1200px) 100vw, 1200px\" \/>\t\t\t\t\t\t\t\t\t\t\t\t\t<\/div>\n\t\t\t\t<\/div>\n\t\t<div class=\"elementor-element elementor-element-e48b6c1 e-con-full e-flex e-con e-child\" data-id=\"e48b6c1\" data-element_type=\"container\">\n\t\t\t\t<div class=\"elementor-element elementor-element-2707093 animated-slow elementor-invisible elementor-widget elementor-widget-heading\" data-id=\"2707093\" data-element_type=\"widget\" data-settings=\"{&quot;_animation&quot;:&quot;slideInUp&quot;}\" data-widget_type=\"heading.default\">\n\t\t\t\t<div class=\"elementor-widget-container\">\n\t\t\t<h2 class=\"elementor-heading-title elementor-size-default\">Bronza<\/h2>\t\t<\/div>\n\t\t\t\t<\/div>\n\t\t\t\t<div class=\"elementor-element elementor-element-538f231 animated-slow elementor-invisible elementor-widget elementor-widget-heading\" data-id=\"538f231\" data-element_type=\"widget\" data-settings=\"{&quot;_animation&quot;:&quot;slideInUp&quot;}\" data-widget_type=\"heading.default\">\n\t\t\t\t<div class=\"elementor-widget-container\">\n\t\t\t<h2 class=\"elementor-heading-title elementor-size-default\">Sigita Kriau\u010di\u016bnien\u0117<br><\/h2>\t\t<\/div>\n\t\t\t\t<\/div>\n\t\t\t\t<div class=\"elementor-element elementor-element-8c29558 elementor-widget elementor-widget-text-editor\" data-id=\"8c29558\" data-element_type=\"widget\" data-widget_type=\"text-editor.default\">\n\t\t\t\t<div class=\"elementor-widget-container\">\n\t\t\t\t\t\t\t<p>Lengvoji atletika, 400 met\u0173 B1<\/p>\t\t\t\t\t\t<\/div>\n\t\t\t\t<\/div>\n\t\t\t\t<\/div>\n\t\t\t\t\t<\/div>\n\t\t\t\t<\/div>\n\t\t<div class=\"elementor-element elementor-element-7fb6118 e-flex e-con-boxed e-con e-parent\" data-id=\"7fb6118\" data-element_type=\"container\" data-settings=\"{&quot;background_background&quot;:&quot;classic&quot;}\">\n\t\t\t\t\t<div class=\"e-con-inner\">\n\t\t\t\t<div class=\"elementor-element elementor-element-7397c20 elementor-widget elementor-widget-image\" data-id=\"7397c20\" data-element_type=\"widget\" data-widget_type=\"image.default\">\n\t\t\t\t<div class=\"elementor-widget-container\">\n\t\t\t\t\t\t\t\t\t\t\t\t\t<img decoding=\"async\" width=\"1200\" height=\"600\" src=\"https:\/\/paralimpieciuasociacija.lt\/wp-content\/uploads\/2024\/05\/Flag_of_Lithuania_1988\u20132004.svg_.png\" class=\"attachment-full size-full wp-image-200\" alt=\"\" srcset=\"https:\/\/paralimpieciuasociacija.lt\/wp-content\/uploads\/2024\/05\/Flag_of_Lithuania_1988\u20132004.svg_.png 1200w, https:\/\/paralimpieciuasociacija.lt\/wp-content\/uploads\/2024\/05\/Flag_of_Lithuania_1988\u20132004.svg_-300x150.png 300w, https:\/\/paralimpieciuasociacija.lt\/wp-content\/uploads\/2024\/05\/Flag_of_Lithuania_1988\u20132004.svg_-1024x512.png 1024w, https:\/\/paralimpieciuasociacija.lt\/wp-content\/uploads\/2024\/05\/Flag_of_Lithuania_1988\u20132004.svg_-768x384.png 768w\" sizes=\"(max-width: 1200px) 100vw, 1200px\" \/>\t\t\t\t\t\t\t\t\t\t\t\t\t<\/div>\n\t\t\t\t<\/div>\n\t\t<div class=\"elementor-element elementor-element-976017b e-con-full e-flex e-con e-child\" data-id=\"976017b\" data-element_type=\"container\">\n\t\t\t\t<div class=\"elementor-element elementor-element-17f453b animated-slow elementor-invisible elementor-widget elementor-widget-heading\" data-id=\"17f453b\" data-element_type=\"widget\" data-settings=\"{&quot;_animation&quot;:&quot;slideInUp&quot;}\" data-widget_type=\"heading.default\">\n\t\t\t\t<div class=\"elementor-widget-container\">\n\t\t\t<h2 class=\"elementor-heading-title elementor-size-default\"><span class=\"elementor-heading-title elementor-size-default elementor-inline-editing pen\" data-elementor-setting-key=\"title\" data-pen-placeholder=\"Type Here...\" style=\"border: 0px; outline-color: currentcolor; outline-style: none; vertical-align: baseline; clear: both; color: rgb(192, 192, 192); letter-spacing: normal; word-spacing: 0px;\">Sidabras<\/span><\/h2>\t\t<\/div>\n\t\t\t\t<\/div>\n\t\t\t\t<div class=\"elementor-element elementor-element-2dcbae2 animated-slow elementor-invisible elementor-widget elementor-widget-heading\" data-id=\"2dcbae2\" data-element_type=\"widget\" data-settings=\"{&quot;_animation&quot;:&quot;slideInUp&quot;}\" data-widget_type=\"heading.default\">\n\t\t\t\t<div class=\"elementor-widget-container\">\n\t\t\t<h2 class=\"elementor-heading-title elementor-size-default\">Sigita Kriau\u010di\u016bnien\u0117<\/h2>\t\t<\/div>\n\t\t\t\t<\/div>\n\t\t\t\t<div class=\"elementor-element elementor-element-462d5fe elementor-widget elementor-widget-text-editor\" data-id=\"462d5fe\" data-element_type=\"widget\" data-widget_type=\"text-editor.default\">\n\t\t\t\t<div class=\"elementor-widget-container\">\n\t\t\t\t\t\t\t<p>Lengvoji atletika, 800 met\u0173 B1<\/p><p>Lengvoji atletika, 1500 met\u0173 B1<\/p><p>Lengvoji atletika, 3000 met\u0173 B1<\/p>\t\t\t\t\t\t<\/div>\n\t\t\t\t<\/div>\n\t\t\t\t<\/div>\n\t\t\t\t\t<\/div>\n\t\t\t\t<\/div>\n\t\t<div class=\"elementor-element elementor-element-2bab426 e-flex e-con-boxed e-con e-parent\" data-id=\"2bab426\" data-element_type=\"container\" data-settings=\"{&quot;background_background&quot;:&quot;classic&quot;}\">\n\t\t\t\t\t<div class=\"e-con-inner\">\n\t\t\t\t<div class=\"elementor-element elementor-element-1b8216e elementor-widget elementor-widget-image\" data-id=\"1b8216e\" data-element_type=\"widget\" data-widget_type=\"image.default\">\n\t\t\t\t<div class=\"elementor-widget-container\">\n\t\t\t\t\t\t\t\t\t\t\t\t\t<img decoding=\"async\" width=\"1200\" height=\"600\" src=\"https:\/\/paralimpieciuasociacija.lt\/wp-content\/uploads\/2024\/05\/Flag_of_Lithuania_1988\u20132004.svg_.png\" class=\"attachment-full size-full wp-image-200\" alt=\"\" srcset=\"https:\/\/paralimpieciuasociacija.lt\/wp-content\/uploads\/2024\/05\/Flag_of_Lithuania_1988\u20132004.svg_.png 1200w, https:\/\/paralimpieciuasociacija.lt\/wp-content\/uploads\/2024\/05\/Flag_of_Lithuania_1988\u20132004.svg_-300x150.png 300w, https:\/\/paralimpieciuasociacija.lt\/wp-content\/uploads\/2024\/05\/Flag_of_Lithuania_1988\u20132004.svg_-1024x512.png 1024w, https:\/\/paralimpieciuasociacija.lt\/wp-content\/uploads\/2024\/05\/Flag_of_Lithuania_1988\u20132004.svg_-768x384.png 768w\" sizes=\"(max-width: 1200px) 100vw, 1200px\" \/>\t\t\t\t\t\t\t\t\t\t\t\t\t<\/div>\n\t\t\t\t<\/div>\n\t\t<div class=\"elementor-element elementor-element-1806145 e-con-full e-flex e-con e-child\" data-id=\"1806145\" data-element_type=\"container\">\n\t\t\t\t<div class=\"elementor-element elementor-element-59bfaaa animated-slow elementor-invisible elementor-widget elementor-widget-heading\" data-id=\"59bfaaa\" data-element_type=\"widget\" data-settings=\"{&quot;_animation&quot;:&quot;slideInUp&quot;}\" data-widget_type=\"heading.default\">\n\t\t\t\t<div class=\"elementor-widget-container\">\n\t\t\t<h2 class=\"elementor-heading-title elementor-size-default\">Sidabras<\/h2>\t\t<\/div>\n\t\t\t\t<\/div>\n\t\t\t\t<div class=\"elementor-element elementor-element-903ec7f animated-slow elementor-invisible elementor-widget elementor-widget-heading\" data-id=\"903ec7f\" data-element_type=\"widget\" data-settings=\"{&quot;_animation&quot;:&quot;slideInUp&quot;}\" data-widget_type=\"heading.default\">\n\t\t\t\t<div class=\"elementor-widget-container\">\n\t\t\t<h2 class=\"elementor-heading-title elementor-size-default\">Vytautas Grinius<\/h2>\t\t<\/div>\n\t\t\t\t<\/div>\n\t\t\t\t<div class=\"elementor-element elementor-element-6f7bec1 elementor-widget elementor-widget-text-editor\" data-id=\"6f7bec1\" data-element_type=\"widget\" data-widget_type=\"text-editor.default\">\n\t\t\t\t<div class=\"elementor-widget-container\">\n\t\t\t\t\t\t\t<p>Lengvoji atletika, penkiakov\u0117 B1<\/p>\t\t\t\t\t\t<\/div>\n\t\t\t\t<\/div>\n\t\t\t\t<\/div>\n\t\t\t\t\t<\/div>\n\t\t\t\t<\/div>\n\t\t\t\t<\/div>\n\t\t","protected":false},"excerpt":{"rendered":"<p>Bronza Malda Baumgart\u0117 Lengvoji atletika, penkiakov\u0117 PW3-4 Bronza Danut\u0117 Smidek Lengvoji atletika, 800 met\u0173 B2 Bronza Sigita Kriau\u010di\u016bnien\u0117 Lengvoji atletika, [&hellip;]<\/p>\n","protected":false},"author":1,"featured_media":0,"parent":0,"menu_order":0,"comment_status":"closed","ping_status":"closed","template":"elementor_header_footer","meta":{"_monsterinsights_skip_tracking":false,"_monsterinsights_sitenote_active":false,"_monsterinsights_sitenote_note":"","_monsterinsights_sitenote_category":0,"site-sidebar-layout":"no-sidebar","site-content-layout":"","ast-site-content-layout":"full-width-container","site-content-style":"default","site-sidebar-style":"default","ast-global-header-display":"","ast-banner-title-visibility":"","ast-main-header-display":"","ast-hfb-above-header-display":"","ast-hfb-below-header-display":"","ast-hfb-mobile-header-display":"","site-post-title":"disabled","ast-breadcrumbs-content":"","ast-featured-img":"disabled","footer-sml-layout":"","theme-transparent-header-meta":"","adv-header-id-meta":"","stick-header-meta":"","header-above-stick-meta":"","header-main-stick-meta":"","header-below-stick-meta":"","astra-migrate-meta-layouts":"default","ast-page-background-enabled":"default","ast-page-background-meta":{"desktop":{"background-color":"var(--ast-global-color-4)","background-image":"","background-repeat":"repeat","background-position":"center center","background-size":"auto","background-attachment":"scroll","background-type":"","background-media":"","overlay-type":"","overlay-color":"","overlay-gradient":""},"tablet":{"background-color":"","background-image":"","background-repeat":"repeat","background-position":"center center","background-size":"auto","background-attachment":"scroll","background-type":"","background-media":"","overlay-type":"","overlay-color":"","overlay-gradient":""},"mobile":{"background-color":"","background-image":"","background-repeat":"repeat","background-position":"center center","background-size":"auto","background-attachment":"scroll","background-type":"","background-media":"","overlay-type":"","overlay-color":"","overlay-gradient":""}},"ast-content-background-meta":{"desktop":{"background-color":"var(--ast-global-color-5)","background-image":"","background-repeat":"repeat","background-position":"center center","background-size":"auto","background-attachment":"scroll","background-type":"","background-media":"","overlay-type":"","overlay-color":"","overlay-gradient":""},"tablet":{"background-color":"var(--ast-global-color-5)","background-image":"","background-repeat":"repeat","background-position":"center center","background-size":"auto","background-attachment":"scroll","background-type":"","background-media":"","overlay-type":"","overlay-color":"","overlay-gradient":""},"mobile":{"background-color":"var(--ast-global-color-5)","background-image":"","background-repeat":"repeat","background-position":"center center","background-size":"auto","background-attachment":"scroll","background-type":"","background-media":"","overlay-type":"","overlay-color":"","overlay-gradient":""}},"footnotes":""},"aioseo_notices":[],"_links":{"self":[{"href":"https:\/\/paralimpieciuasociacija.lt\/index.php?rest_route=\/wp\/v2\/pages\/422"}],"collection":[{"href":"https:\/\/paralimpieciuasociacija.lt\/index.php?rest_route=\/wp\/v2\/pages"}],"about":[{"href":"https:\/\/paralimpieciuasociacija.lt\/index.php?rest_route=\/wp\/v2\/types\/page"}],"author":[{"embeddable":true,"href":"https:\/\/paralimpieciuasociacija.lt\/index.php?rest_route=\/wp\/v2\/users\/1"}],"replies":[{"embeddable":true,"href":"https:\/\/paralimpieciuasociacija.lt\/index.php?rest_route=%2Fwp%2Fv2%2Fcomments&post=422"}],"version-history":[{"count":55,"href":"https:\/\/paralimpieciuasociacija.lt\/index.php?rest_route=\/wp\/v2\/pages\/422\/revisions"}],"predecessor-version":[{"id":646,"href":"https:\/\/paralimpieciuasociacija.lt\/index.php?rest_route=\/wp\/v2\/pages\/422\/revisions\/646"}],"wp:attachment":[{"href":"https:\/\/paralimpieciuasociacija.lt\/index.php?rest_route=%2Fwp%2Fv2%2Fmedia&parent=422"}],"curies":[{"name":"wp","href":"https:\/\/api.w.org\/{rel}","templated":true}]}}