{"id":45,"date":"2024-05-17T14:06:51","date_gmt":"2024-05-17T14:06:51","guid":{"rendered":"https:\/\/paralimpieciuasociacija.lt\/?page_id=45"},"modified":"2024-05-18T20:35:19","modified_gmt":"2024-05-18T20:35:19","slug":"apie-mus","status":"publish","type":"page","link":"https:\/\/paralimpieciuasociacija.lt\/?page_id=45","title":{"rendered":"Apie mus"},"content":{"rendered":"\t\t<div data-elementor-type=\"wp-page\" data-elementor-id=\"45\" class=\"elementor elementor-45\" data-elementor-post-type=\"page\">\n\t\t\t\t<div class=\"elementor-element elementor-element-774e90a3 e-con-full e-flex e-con e-parent\" data-id=\"774e90a3\" data-element_type=\"container\" data-settings=\"{&quot;background_background&quot;:&quot;classic&quot;}\">\n\t\t<div class=\"elementor-element elementor-element-1d468bd0 e-flex e-con-boxed e-con e-child\" data-id=\"1d468bd0\" data-element_type=\"container\">\n\t\t\t\t\t<div class=\"e-con-inner\">\n\t\t\t\t<div class=\"elementor-element elementor-element-38bfc245 animated-slow elementor-invisible elementor-widget elementor-widget-heading\" data-id=\"38bfc245\" data-element_type=\"widget\" data-settings=\"{&quot;_animation&quot;:&quot;slideInUp&quot;}\" data-widget_type=\"heading.default\">\n\t\t\t\t<div class=\"elementor-widget-container\">\n\t\t\t<style>\/*! elementor - v3.21.0 - 08-05-2024 *\/\n.elementor-heading-title{padding:0;margin:0;line-height:1}.elementor-widget-heading .elementor-heading-title[class*=elementor-size-]>a{color:inherit;font-size:inherit;line-height:inherit}.elementor-widget-heading .elementor-heading-title.elementor-size-small{font-size:15px}.elementor-widget-heading .elementor-heading-title.elementor-size-medium{font-size:19px}.elementor-widget-heading .elementor-heading-title.elementor-size-large{font-size:29px}.elementor-widget-heading .elementor-heading-title.elementor-size-xl{font-size:39px}.elementor-widget-heading .elementor-heading-title.elementor-size-xxl{font-size:59px}<\/style><h2 class=\"elementor-heading-title elementor-size-default\">Apie mus<\/h2>\t\t<\/div>\n\t\t\t\t<\/div>\n\t\t\t\t\t<\/div>\n\t\t\t\t<\/div>\n\t\t<div class=\"elementor-element elementor-element-355c6745 e-con-full e-flex e-con e-child\" data-id=\"355c6745\" data-element_type=\"container\">\n\t\t<div class=\"elementor-element elementor-element-1c7711cc e-con-full e-flex elementor-invisible e-con e-child\" data-id=\"1c7711cc\" data-element_type=\"container\" data-settings=\"{&quot;background_background&quot;:&quot;classic&quot;,&quot;animation&quot;:&quot;fadeInLeft&quot;,&quot;animation_delay&quot;:400}\">\n\t\t\t\t<div class=\"elementor-element elementor-element-13056b4 elementor-widget elementor-widget-text-editor\" data-id=\"13056b4\" data-element_type=\"widget\" data-widget_type=\"text-editor.default\">\n\t\t\t\t<div class=\"elementor-widget-container\">\n\t\t\t<style>\/*! elementor - v3.21.0 - 08-05-2024 *\/\n.elementor-widget-text-editor.elementor-drop-cap-view-stacked .elementor-drop-cap{background-color:#69727d;color:#fff}.elementor-widget-text-editor.elementor-drop-cap-view-framed .elementor-drop-cap{color:#69727d;border:3px solid;background-color:transparent}.elementor-widget-text-editor:not(.elementor-drop-cap-view-default) .elementor-drop-cap{margin-top:8px}.elementor-widget-text-editor:not(.elementor-drop-cap-view-default) .elementor-drop-cap-letter{width:1em;height:1em}.elementor-widget-text-editor .elementor-drop-cap{float:left;text-align:center;line-height:1;font-size:50px}.elementor-widget-text-editor .elementor-drop-cap-letter{display:inline-block}<\/style>\t\t\t\t<div id=\"attachment_3993\" class=\"wp-caption aligncenter\"><p id=\"caption-attachment-3993\" class=\"wp-caption-text\"><em>Raimeda Bu\u010dinskyt\u0117 (Dano Sodai\u010dio ir LPAK nuotr<\/em>.)<\/p><\/div>\t\t\t\t\t\t<\/div>\n\t\t\t\t<\/div>\n\t\t\t\t<\/div>\n\t\t<div class=\"elementor-element elementor-element-4b3478a2 e-con-full e-flex e-con e-child\" data-id=\"4b3478a2\" data-element_type=\"container\">\n\t\t\t\t<div class=\"elementor-element elementor-element-ab65079 elementor-invisible elementor-widget elementor-widget-text-editor\" data-id=\"ab65079\" data-element_type=\"widget\" data-settings=\"{&quot;_animation&quot;:&quot;fadeInRight&quot;}\" data-widget_type=\"text-editor.default\">\n\t\t\t\t<div class=\"elementor-widget-container\">\n\t\t\t\t\t\t\t<p>Paralimpie\u010di\u0173 asociacija vienija sportininkus, dalyvavusius paralimin\u0117se \u017eaidyn\u0117se, \u0161alies paralimpini\u0173 misij\u0173 vadovus, paralimpinius ata\u0161\u0117 ir kitus Lietuvos paralimpini\u0173 delegacij\u0173 narius.<span class=\"Apple-converted-space\">\u00a0<\/span><\/p><p>Paralimpie\u010di\u0173 asociacija \u012fkurta 2019m., jos tikslas propaguoti paralimpinius idealus ir Paralimpin\u0117s chartijos nuostatas bei bendradarbiaujant su Lietuvos Respublikos organizacijomis, pad\u0117ti spr\u0119sti \u012fsidarbinimo ir socialinio adaptavimosi visuomen\u0117je klausimus baigusiems sportuoti paralimpie\u010diams.<span class=\"Apple-converted-space\">\u00a0<\/span><\/p><p>Paralimpie\u010di\u0173 asociacijos prezident\u0117 \u2013 Raimeda Bu\u010dinskyt\u0117.<\/p>\t\t\t\t\t\t<\/div>\n\t\t\t\t<\/div>\n\t\t\t\t<\/div>\n\t\t\t\t<\/div>\n\t\t\t\t<\/div>\n\t\t\t\t<\/div>\n\t\t","protected":false},"excerpt":{"rendered":"<p>Apie mus Raimeda Bu\u010dinskyt\u0117 (Dano Sodai\u010dio ir LPAK nuotr.) Paralimpie\u010di\u0173 asociacija vienija sportininkus, dalyvavusius paralimin\u0117se \u017eaidyn\u0117se, \u0161alies paralimpini\u0173 misij\u0173 vadovus, [&hellip;]<\/p>\n","protected":false},"author":1,"featured_media":0,"parent":0,"menu_order":0,"comment_status":"closed","ping_status":"closed","template":"elementor_header_footer","meta":{"_monsterinsights_skip_tracking":false,"_monsterinsights_sitenote_active":false,"_monsterinsights_sitenote_note":"","_monsterinsights_sitenote_category":0,"site-sidebar-layout":"no-sidebar","site-content-layout":"","ast-site-content-layout":"full-width-container","site-content-style":"default","site-sidebar-style":"default","ast-global-header-display":"","ast-banner-title-visibility":"","ast-main-header-display":"","ast-hfb-above-header-display":"","ast-hfb-below-header-display":"","ast-hfb-mobile-header-display":"","site-post-title":"disabled","ast-breadcrumbs-content":"","ast-featured-img":"disabled","footer-sml-layout":"","theme-transparent-header-meta":"","adv-header-id-meta":"","stick-header-meta":"","header-above-stick-meta":"","header-main-stick-meta":"","header-below-stick-meta":"","astra-migrate-meta-layouts":"default","ast-page-background-enabled":"default","ast-page-background-meta":{"desktop":{"background-color":"var(--ast-global-color-4)","background-image":"","background-repeat":"repeat","background-position":"center center","background-size":"auto","background-attachment":"scroll","background-type":"","background-media":"","overlay-type":"","overlay-color":"","overlay-gradient":""},"tablet":{"background-color":"","background-image":"","background-repeat":"repeat","background-position":"center center","background-size":"auto","background-attachment":"scroll","background-type":"","background-media":"","overlay-type":"","overlay-color":"","overlay-gradient":""},"mobile":{"background-color":"","background-image":"","background-repeat":"repeat","background-position":"center center","background-size":"auto","background-attachment":"scroll","background-type":"","background-media":"","overlay-type":"","overlay-color":"","overlay-gradient":""}},"ast-content-background-meta":{"desktop":{"background-color":"var(--ast-global-color-5)","background-image":"","background-repeat":"repeat","background-position":"center center","background-size":"auto","background-attachment":"scroll","background-type":"","background-media":"","overlay-type":"","overlay-color":"","overlay-gradient":""},"tablet":{"background-color":"var(--ast-global-color-5)","background-image":"","background-repeat":"repeat","background-position":"center center","background-size":"auto","background-attachment":"scroll","background-type":"","background-media":"","overlay-type":"","overlay-color":"","overlay-gradient":""},"mobile":{"background-color":"var(--ast-global-color-5)","background-image":"","background-repeat":"repeat","background-position":"center center","background-size":"auto","background-attachment":"scroll","background-type":"","background-media":"","overlay-type":"","overlay-color":"","overlay-gradient":""}},"footnotes":""},"aioseo_notices":[],"_links":{"self":[{"href":"https:\/\/paralimpieciuasociacija.lt\/index.php?rest_route=\/wp\/v2\/pages\/45"}],"collection":[{"href":"https:\/\/paralimpieciuasociacija.lt\/index.php?rest_route=\/wp\/v2\/pages"}],"about":[{"href":"https:\/\/paralimpieciuasociacija.lt\/index.php?rest_route=\/wp\/v2\/types\/page"}],"author":[{"embeddable":true,"href":"https:\/\/paralimpieciuasociacija.lt\/index.php?rest_route=\/wp\/v2\/users\/1"}],"replies":[{"embeddable":true,"href":"https:\/\/paralimpieciuasociacija.lt\/index.php?rest_route=%2Fwp%2Fv2%2Fcomments&post=45"}],"version-history":[{"count":55,"href":"https:\/\/paralimpieciuasociacija.lt\/index.php?rest_route=\/wp\/v2\/pages\/45\/revisions"}],"predecessor-version":[{"id":682,"href":"https:\/\/paralimpieciuasociacija.lt\/index.php?rest_route=\/wp\/v2\/pages\/45\/revisions\/682"}],"wp:attachment":[{"href":"https:\/\/paralimpieciuasociacija.lt\/index.php?rest_route=%2Fwp%2Fv2%2Fmedia&parent=45"}],"curies":[{"name":"wp","href":"https:\/\/api.w.org\/{rel}","templated":true}]}}